{"id":26237,"date":"2026-05-04T14:37:39","date_gmt":"2026-05-04T12:37:39","guid":{"rendered":"https:\/\/klejman2.com\/?post_type=product&#038;p=26237"},"modified":"2026-05-04T15:20:19","modified_gmt":"2026-05-04T13:20:19","slug":"moederdag-box-fermentista-box-met-gratis-pot-gefermenteerde-rode-biet","status":"publish","type":"product","link":"https:\/\/klejman2.com\/pl\/product\/moederdag-box-fermentista-box-met-gratis-pot-gefermenteerde-rode-biet\/","title":{"rendered":"MOEDERDAG BOX: Fermentista Box met gratis pot gefermenteerde rode biet"},"content":{"rendered":"<p><strong>Moederdag box is jouw complete starterkit om te beginnen fermenteren<\/strong><\/p>\n\n\n\n<p>Deze box is er voor wie wil starten met fermenteren, graag bewuster eet of op zoek is naar een moment van rust en verbinding in de keuken. Een zacht duwtje richting een dagelijkse gewoonte die echt verschil kan maken.<\/p>\n\n\n\n<p><strong>Co znajduje si\u0119 w pude\u0142ku Fermentista?<\/strong><\/p>\n\n\n\n<p>- Nasza ulubiona miska do mieszania: pojemna, wytrzyma\u0142a i odporna na plamy z kurkumy. Idealna do ugniatania warzyw.<br>- Wysokiej jako\u015bci mandolina, kt\u00f3ra pozwala kroi\u0107 warzywa bardzo szybko i bezpiecznie - palce pozostaj\u0105 nienaruszone.<br>- Solidny szklany weckpot: idealny do bezpiecznego i bezproblemowego rozpocz\u0119cia fermentacji. <br>\u2013 Gratis bokaal gefermenteerde rode biet: rijk aan natuurlijke melkzuurbacteri\u00ebn en meteen klaar om van te genieten<br><\/p>\n\n\n\n<p>Een cadeau dat niet alleen fijn is om te krijgen, maar ook blijft doorwerken, van binnenuit.<\/p>\n\n\n\n<p><\/p>\n\n\n\n<p><\/p>","protected":false},"excerpt":{"rendered":"<p data-start=\"208\" data-end=\"440\">Op zoek naar een betekenisvol cadeau voor Moederdag? Iets dat blijft geven, elke dag opnieuw? Met deze Fermentista Box geef je niet zomaar een geschenk, maar een uitnodiging om te vertragen, te cre\u00ebren en goed voor jezelf te zorgen.<\/p>\n<p data-start=\"442\" data-end=\"684\">Speciaal voor Moederdag voegen we een gratis bokaal gefermenteerde rode biet toe. Zo kan er niet alleen zelf gestart worden met fermenteren, maar ook meteen geproefd worden van de rijke, lichtzure smaak en de voordelen voor de darmgezondheid.<\/p>","protected":false},"featured_media":26241,"template":"","meta":{"_acf_changed":false},"product_brand":[],"product_cat":[277],"product_tag":[],"class_list":{"0":"post-26237","1":"product","2":"type-product","3":"status-publish","4":"has-post-thumbnail","6":"product_cat-paketten-en-bundels","7":"product_shipping_class-gratis","9":"first","10":"instock","11":"taxable","12":"shipping-taxable","13":"purchasable","14":"product-type-simple"},"acf":[],"_links":{"self":[{"href":"https:\/\/klejman2.com\/pl\/wp-json\/wp\/v2\/product\/26237","targetHints":{"allow":["GET"]}}],"collection":[{"href":"https:\/\/klejman2.com\/pl\/wp-json\/wp\/v2\/product"}],"about":[{"href":"https:\/\/klejman2.com\/pl\/wp-json\/wp\/v2\/types\/product"}],"wp:featuredmedia":[{"embeddable":true,"href":"https:\/\/klejman2.com\/pl\/wp-json\/wp\/v2\/media\/26241"}],"wp:attachment":[{"href":"https:\/\/klejman2.com\/pl\/wp-json\/wp\/v2\/media?parent=26237"}],"wp:term":[{"taxonomy":"product_brand","embeddable":true,"href":"https:\/\/klejman2.com\/pl\/wp-json\/wp\/v2\/product_brand?post=26237"},{"taxonomy":"product_cat","embeddable":true,"href":"https:\/\/klejman2.com\/pl\/wp-json\/wp\/v2\/product_cat?post=26237"},{"taxonomy":"product_tag","embeddable":true,"href":"https:\/\/klejman2.com\/pl\/wp-json\/wp\/v2\/product_tag?post=26237"}],"curies":[{"name":"wp","href":"https:\/\/api.w.org\/{rel}","templated":true}]}}