{"id":25478,"date":"2026-02-17T14:01:12","date_gmt":"2026-02-17T13:01:12","guid":{"rendered":"https:\/\/klejman2.com\/?post_type=product&#038;p=25478"},"modified":"2026-02-26T09:33:44","modified_gmt":"2026-02-26T08:33:44","slug":"gefermenteerde-rode-kool-2-bokalen","status":"publish","type":"product","link":"https:\/\/klejman2.com\/pl\/product\/gefermenteerde-rode-kool-2-bokalen\/","title":{"rendered":"Gefermenteerde rode kool &#8211; 2 kleine bokalen"},"content":{"rendered":"<div class=\"\"><span class=\"OYPEnA text-decoration-none text-strikethrough-none\">Sk\u0142adniki:\u00a0<\/span><span class=\"OYPEnA text-decoration-none text-strikethrough-none\">czerwona kapusta, marchew, <\/span><span class=\"OYPEnA text-strikethrough-none text-decoration-underline\">gorczyca<\/span><span class=\"OYPEnA text-strikethrough-none text-decoration-none\">, jeneverbes, laurierblad, zout.<br \/>\nAllergenen: kan sporen van mosterd bevatten.<\/span><\/div>\n<div><div class=\"wptb-container-legacy\" data-table-id=\"25133\">\n    <table class=\"wptb-preview-table wptb-element-main-table_setting-25133\" style=\"border-spacing: 3px 3px; border-collapse: collapse !important; min-width: 100%; border: 1px solid #000000; \" data-border-spacing-columns=\"3\" data-border-spacing-rows=\"3\" data-reconstraction=\"1\" data-wptb-table-directives=\"eyJpbm5lckJvcmRlcnMiOnsiYWN0aXZlIjoiYWxsIiwiYm9yZGVyV2lkdGgiOjEsImJvcmRlclJhZGl1c2VzIjp7ImFsbCI6MCwicm93IjowLCJjb2x1bW4iOjB9fX0=\" data-wptb-responsive-directives=\"eyJyZXNwb25zaXZlRW5hYmxlZCI6ZmFsc2UsInJlc3BvbnNpdmVNb2RlIjoiYXV0byIsInJlbGF0aXZlV2lkdGgiOiJ3aW5kb3ciLCJwcmVzZXJ2ZVJvd0NvbG9yIjpmYWxzZSwiaGVhZGVyRnVsbHlNZXJnZWQiOmZhbHNlLCJicmVha3BvaW50cyI6eyJkZXNrdG9wIjp7Im5hbWUiOiJkZXNrdG9wIiwid2lkdGgiOjEwMjR9LCJ0YWJsZXQiOnsibmFtZSI6InRhYmxldCIsIndpZHRoIjo3MDB9LCJtb2JpbGUiOnsibmFtZSI6Im1vYmlsZSIsIndpZHRoIjozNzV9fSwibW9kZU9wdGlvbnMiOnsiYXV0byI6eyJkaXNhYmxlZCI6eyJkZXNrdG9wIjpmYWxzZSwidGFibGV0IjpmYWxzZSwibW9iaWxlIjpmYWxzZX0sInRvcFJvd0FzSGVhZGVyIjp7ImRlc2t0b3AiOmZhbHNlLCJ0YWJsZXQiOnRydWUsIm1vYmlsZSI6dHJ1ZX0sInJlcGVhdE1lcmdlZEhlYWRlciI6eyJkZXNrdG9wIjp0cnVlLCJ0YWJsZXQiOnRydWUsIm1vYmlsZSI6dHJ1ZX0sInN0YXRpY1RvcFJvdyI6eyJkZXNrdG9wIjpmYWxzZSwidGFibGV0IjpmYWxzZSwibW9iaWxlIjpmYWxzZX0sImNlbGxTdGFja0RpcmVjdGlvbiI6eyJkZXNrdG9wIjoicm93IiwidGFibGV0Ijoicm93IiwibW9iaWxlIjoicm93In0sImNlbGxzUGVyUm93Ijp7ImRlc2t0b3AiOjEsInRhYmxldCI6MiwibW9iaWxlIjoxfX19fQ==\" data-wptb-cells-width-auto-count=\"2\" data-wptb-extra-styles=\"\" data-wptb-pro-pagination-top-row-header=\"false\" data-wptb-rows-per-page=\"10\" data-wptb-pro-search-top-row-header=\"false\" data-wptb-searchbar-position=\"left\" role=\"table\" data-table-columns=\"2\" data-wptb-table-alignment=\"center\" data-wptb-td-width-auto=\"120\" data-wptb-table-tds-sum-max-width=\"665\" ><tbody data-global-font-size=\"15\" ><tr  class=\"wptb-row\" style=\"\"><td class=\"wptb-cell\" colspan=\"1\" rowspan=\"1\" style=\"padding: 10px; width: 500px; border-width: 1px; border-color: #000000; border-style: solid; border-radius: 0px; \" data-y-index=\"0\" data-x-index=\"0\" data-wptb-css-td-auto-width=\"false\" data-wptb-css-td-auto-height=\"true\" data-wptb-cell-vertical-alignment=\"center\" ><div class=\"wptb-text-container wptb-ph-element wptb-element-text-597\" style=\"font-size: 15px; \"><div style=\"position: relative;\"><p><strong>Gemiddelde voedingswaarde \/ valeurs nutritionnelles \/ moyennes average nutritional value \/ durchschnittlicher N\u00e4hrwert<\/strong><\/p><\/div><\/div><\/td><td class=\"wptb-cell\" colspan=\"1\" rowspan=\"1\" style=\"padding: 10px; border-width: 1px; border-color: #000000; border-style: solid; border-radius: 0px; \" data-y-index=\"0\" data-x-index=\"1\" data-wptb-css-td-auto-width=\"true\" data-wptb-css-td-auto-height=\"true\" data-wptb-cell-vertical-alignment=\"center\" ><div class=\"wptb-text-container wptb-ph-element wptb-element-text-598\" style=\"font-size: 15px; \"><div style=\"position: relative;\"><p><strong>100 g<\/strong><\/p><\/div><\/div><\/td><\/tr><tr  class=\"wptb-row\" style=\"\"><td class=\"wptb-cell\" colspan=\"1\" rowspan=\"1\" style=\"padding: 10px; width: 500px; border-width: 1px; border-color: #000000; border-style: solid; border-radius: 0px; \" data-y-index=\"1\" data-x-index=\"0\" data-wptb-css-td-auto-width=\"false\" data-wptb-css-td-auto-height=\"true\" data-wptb-cell-vertical-alignment=\"center\" ><div class=\"wptb-text-container wptb-ph-element wptb-element-text-599\" style=\"font-size: 15px; \"><div style=\"position: relative;\"><p>Energie \/ \u00e9nergie \/ energy \/ Brennwert<\/p><\/div><\/div><\/td><td class=\"wptb-cell\" colspan=\"1\" rowspan=\"1\" style=\"padding: 10px; border-width: 1px; border-color: #000000; border-style: solid; border-radius: 0px; \" data-y-index=\"1\" data-x-index=\"1\" data-wptb-css-td-auto-width=\"true\" data-wptb-css-td-auto-height=\"true\" data-wptb-cell-vertical-alignment=\"center\" ><div class=\"wptb-text-container wptb-ph-element wptb-element-text-600\" style=\"font-size: 15px; \"><div style=\"position: relative;\"><p>106 kJ \/ 25 kcal<\/p><\/div><\/div><\/td><\/tr><tr  class=\"wptb-row\" style=\"\"><td class=\"wptb-cell\" colspan=\"1\" rowspan=\"1\" style=\"padding: 10px; width: 500px; border-width: 1px; border-color: #000000; border-style: solid; border-radius: 0px; \" data-y-index=\"2\" data-x-index=\"0\" data-wptb-css-td-auto-width=\"false\" data-wptb-css-td-auto-height=\"true\" data-wptb-cell-vertical-alignment=\"center\" ><div class=\"wptb-text-container wptb-ph-element wptb-element-text-601\" style=\"font-size: 15px; \"><div style=\"position: relative;\"><p>Vet \/ mati\u00e8res grasses \/ fat \/ Fett<\/p><\/div><\/div><\/td><td class=\"wptb-cell\" colspan=\"1\" rowspan=\"1\" style=\"padding: 10px; border-width: 1px; border-color: #000000; border-style: solid; border-radius: 0px; \" data-y-index=\"2\" data-x-index=\"1\" data-wptb-css-td-auto-width=\"true\" data-wptb-css-td-auto-height=\"true\" data-wptb-cell-vertical-alignment=\"center\" ><div class=\"wptb-text-container wptb-ph-element wptb-element-text-602\" style=\"font-size: 15px; \"><div style=\"position: relative;\"><p>&lt;0,2 g<\/p><\/div><\/div><\/td><\/tr><tr  class=\"wptb-row\" style=\"\"><td class=\"wptb-cell\" colspan=\"1\" rowspan=\"1\" style=\"padding: 10px; width: 500px; border-width: 1px; border-color: #000000; border-style: solid; border-radius: 0px; \" data-y-index=\"3\" data-x-index=\"0\" data-wptb-css-td-auto-width=\"false\" data-wptb-css-td-auto-height=\"true\" data-wptb-cell-vertical-alignment=\"center\" ><div class=\"wptb-text-container wptb-ph-element wptb-element-text-603\" style=\"font-size: 15px; \"><div style=\"position: relative;\"><p>waarvan verzadigd \/ dont satur\u00e9 \/ of which saturated \/ davon ges\u00e4ttigt<\/p><\/div><\/div><\/td><td class=\"wptb-cell\" colspan=\"1\" rowspan=\"1\" style=\"padding: 10px; border-width: 1px; border-color: #000000; border-style: solid; border-radius: 0px; \" data-y-index=\"3\" data-x-index=\"1\" data-wptb-css-td-auto-width=\"true\" data-wptb-css-td-auto-height=\"true\" data-wptb-cell-vertical-alignment=\"center\" ><div class=\"wptb-text-container wptb-ph-element wptb-element-text-604\" style=\"font-size: 15px; \"><div style=\"position: relative;\"><p>&lt;0,1 g<\/p><\/div><\/div><\/td><\/tr><tr  class=\"wptb-row\" style=\"\"><td class=\"wptb-cell\" colspan=\"1\" rowspan=\"1\" style=\"padding: 10px; width: 500px; border-width: 1px; border-color: #000000; border-style: solid; border-radius: 0px; \" data-y-index=\"4\" data-x-index=\"0\" data-wptb-css-td-auto-width=\"false\" data-wptb-css-td-auto-height=\"true\" data-wptb-cell-vertical-alignment=\"center\" ><div class=\"wptb-text-container wptb-ph-element wptb-element-text-605\" style=\"font-size: 15px; \"><div style=\"position: relative;\"><p>Koolhydraten \/ glucides \/ carbohydrates \/ Kohlenhydrate<\/p><\/div><\/div><\/td><td class=\"wptb-cell\" colspan=\"1\" rowspan=\"1\" style=\"padding: 10px; border-width: 1px; border-color: #000000; border-style: solid; border-radius: 0px; \" data-y-index=\"4\" data-x-index=\"1\" data-wptb-css-td-auto-width=\"true\" data-wptb-css-td-auto-height=\"true\" data-wptb-cell-vertical-alignment=\"center\" ><div class=\"wptb-text-container wptb-ph-element wptb-element-text-606\" style=\"font-size: 15px; \"><div style=\"position: relative;\"><p>2,9 g<\/p><\/div><\/div><\/td><\/tr><tr  class=\"wptb-row\" style=\"\"><td class=\"wptb-cell\" colspan=\"1\" rowspan=\"1\" style=\"padding: 10px; width: 500px; border-width: 1px; border-color: #000000; border-style: solid; border-radius: 0px; \" data-y-index=\"5\" data-x-index=\"0\" data-wptb-css-td-auto-width=\"false\" data-wptb-css-td-auto-height=\"true\" data-wptb-cell-vertical-alignment=\"center\" ><div class=\"wptb-text-container wptb-ph-element wptb-element-text-607\" style=\"font-size: 15px; \"><div style=\"position: relative;\"><p>waarvan suikers \/ dont sucres \/ of which sugars \/ davon Zucker<\/p><\/div><\/div><\/td><td class=\"wptb-cell\" colspan=\"1\" rowspan=\"1\" style=\"padding: 10px; border-width: 1px; border-color: #000000; border-style: solid; border-radius: 0px; \" data-y-index=\"5\" data-x-index=\"1\" data-wptb-css-td-auto-width=\"true\" data-wptb-css-td-auto-height=\"true\" data-wptb-cell-vertical-alignment=\"center\" ><div class=\"wptb-text-container wptb-ph-element wptb-element-text-608\" style=\"font-size: 15px; \"><div style=\"position: relative;\"><p>&lt;0,2 g<\/p><\/div><\/div><\/td><\/tr><tr  class=\"wptb-row\" style=\"\"><td class=\"wptb-cell\" colspan=\"1\" rowspan=\"1\" style=\"padding: 10px; width: 500px; border-width: 1px; border-color: #000000; border-style: solid; border-radius: 0px; \" data-y-index=\"6\" data-x-index=\"0\" data-wptb-css-td-auto-width=\"false\" data-wptb-css-td-auto-height=\"true\" data-wptb-cell-vertical-alignment=\"center\" ><div class=\"wptb-text-container wptb-ph-element wptb-element-text-609\" style=\"font-size: 15px; \"><div style=\"position: relative;\"><p>Vezels \/ fibres \/ fibre \/ Ballastoffe<\/p><\/div><\/div><\/td><td class=\"wptb-cell\" colspan=\"1\" rowspan=\"1\" style=\"padding: 10px; border-width: 1px; border-color: #000000; border-style: solid; border-radius: 0px; \" data-y-index=\"6\" data-x-index=\"1\" data-wptb-css-td-auto-width=\"true\" data-wptb-css-td-auto-height=\"true\" data-wptb-cell-vertical-alignment=\"center\" ><div class=\"wptb-text-container wptb-ph-element wptb-element-text-610\" style=\"font-size: 15px; \"><div style=\"position: relative;\"><p>3 g<\/p><\/div><\/div><\/td><\/tr><tr  class=\"wptb-row\" style=\"\"><td class=\"wptb-cell\" colspan=\"1\" rowspan=\"1\" style=\"padding: 10px; width: 500px; border-width: 1px; border-color: #000000; border-style: solid; border-radius: 0px; \" data-y-index=\"7\" data-x-index=\"0\" data-wptb-css-td-auto-width=\"false\" data-wptb-css-td-auto-height=\"true\" data-wptb-cell-vertical-alignment=\"center\" ><div class=\"wptb-text-container wptb-ph-element wptb-element-text-611\" style=\"font-size: 15px; \"><div style=\"position: relative;\"><p>Eiwit \/ prot\u00e9ines \/ protein \/ Eiwei\u03b2<\/p><\/div><\/div><\/td><td class=\"wptb-cell\" colspan=\"1\" rowspan=\"1\" style=\"padding: 10px; border-width: 1px; border-color: #000000; border-style: solid; border-radius: 0px; \" data-y-index=\"7\" data-x-index=\"1\" data-wptb-css-td-auto-width=\"true\" data-wptb-css-td-auto-height=\"true\" data-wptb-cell-vertical-alignment=\"center\" ><div class=\"wptb-text-container wptb-ph-element wptb-element-text-612\" style=\"font-size: 15px; \"><div style=\"position: relative;\"><p>1,9 g<\/p><\/div><\/div><\/td><\/tr><tr  class=\"wptb-row\" style=\"\"><td class=\"wptb-cell\" colspan=\"1\" rowspan=\"1\" style=\"padding: 10px; width: 500px; border-width: 1px; border-color: #000000; border-style: solid; border-radius: 0px; \" data-y-index=\"8\" data-x-index=\"0\" data-wptb-css-td-auto-width=\"false\" data-wptb-css-td-auto-height=\"true\" data-wptb-cell-vertical-alignment=\"center\" ><div class=\"wptb-text-container wptb-ph-element wptb-element-text-613\" style=\"font-size: 15px; \"><div style=\"position: relative;\"><p>Zout \/ sel \/ salt \/ Salz<\/p><\/div><\/div><\/td><td class=\"wptb-cell\" colspan=\"1\" rowspan=\"1\" style=\"padding: 10px; border-width: 1px; border-color: #000000; border-style: solid; border-radius: 0px; \" data-y-index=\"8\" data-x-index=\"1\" data-wptb-css-td-auto-width=\"true\" data-wptb-css-td-auto-height=\"true\" data-wptb-cell-vertical-alignment=\"center\" ><div class=\"wptb-text-container wptb-ph-element wptb-element-text-614\" style=\"font-size: 15px; \"><div style=\"position: relative;\"><p>1,38 g<\/p><\/div><\/div><\/td><\/tr><\/tbody><\/table>\n<\/div>\n<\/div>\n<div class=\"\">\n<div class=\"\">\n<div class=\"\">\n<p style=\"font-weight: 400;\">Een ongeopende bokaal bewaar je het best droog en koel. Na opening zet je hem in de koelkast. Bij het eerste openen kan de inhoud soms bruisen of overlopen, en dat is helemaal ok\u00e9. Dit komt door het koolstofdioxide die ontstaat tijdens de natuurlijke melkzuurfermentatie.<\/p>\n<p style=\"font-weight: 400;\">Consumeer de gefermenteerde groenten binnen 6 weken. Eet dagelijks \u00e9\u00e9n eetlepel. Rijk aan vezels en niet-gepasteuriseerd dus een perfecte aanvulling op een gezond eetpatroon.<\/p>\n<\/div>\n<\/div>\n<\/div>","protected":false},"excerpt":{"rendered":"<p style=\"font-weight: 400;\"><em>Superbohater dla flory jelitowej<\/em><\/p>\n<p style=\"font-weight: 400;\">Nasza sfermentowana czerwona kapusta jest pysznym \u017ar\u00f3d\u0142em probiotyk\u00f3w (bakterii kwasu mlekowego) i zawiera zdrowy b\u0142onnik, witaminy i minera\u0142y. Bakterie kwasu mlekowego maj\u0105 pozytywny wp\u0142yw na flor\u0119 jelitow\u0105, poniewa\u017c hamuj\u0105 rozw\u00f3j niepo\u017c\u0105danych bakterii w jelitach i pomagaj\u0105 trawi\u0107 pokarm.<\/p>\n<p style=\"font-weight: 400;\">Ten klasyk przygotowujemy na bazie czerwonej kapusty, marchewki i zi\u00f3\u0142. Jest super pyszny mi\u0119dzy bu\u0142k\u0105 na zakwasie lub jako dodatek do dowolnego dania na ciep\u0142o lub zimno.<\/p>","protected":false},"featured_media":25482,"template":"","meta":{"_acf_changed":false},"product_brand":[],"product_cat":[73],"product_tag":[],"class_list":{"0":"post-25478","1":"product","2":"type-product","3":"status-publish","4":"has-post-thumbnail","6":"product_cat-voeding","8":"first","9":"instock","10":"sale","11":"taxable","12":"shipping-taxable","13":"purchasable","14":"product-type-simple"},"acf":[],"_links":{"self":[{"href":"https:\/\/klejman2.com\/pl\/wp-json\/wp\/v2\/product\/25478","targetHints":{"allow":["GET"]}}],"collection":[{"href":"https:\/\/klejman2.com\/pl\/wp-json\/wp\/v2\/product"}],"about":[{"href":"https:\/\/klejman2.com\/pl\/wp-json\/wp\/v2\/types\/product"}],"wp:featuredmedia":[{"embeddable":true,"href":"https:\/\/klejman2.com\/pl\/wp-json\/wp\/v2\/media\/25482"}],"wp:attachment":[{"href":"https:\/\/klejman2.com\/pl\/wp-json\/wp\/v2\/media?parent=25478"}],"wp:term":[{"taxonomy":"product_brand","embeddable":true,"href":"https:\/\/klejman2.com\/pl\/wp-json\/wp\/v2\/product_brand?post=25478"},{"taxonomy":"product_cat","embeddable":true,"href":"https:\/\/klejman2.com\/pl\/wp-json\/wp\/v2\/product_cat?post=25478"},{"taxonomy":"product_tag","embeddable":true,"href":"https:\/\/klejman2.com\/pl\/wp-json\/wp\/v2\/product_tag?post=25478"}],"curies":[{"name":"wp","href":"https:\/\/api.w.org\/{rel}","templated":true}]}}