{"id":24796,"date":"2025-12-10T14:18:56","date_gmt":"2025-12-10T13:18:56","guid":{"rendered":"https:\/\/klejman2.com\/?post_type=product&#038;p=24796"},"modified":"2026-04-22T14:55:24","modified_gmt":"2026-04-22T12:55:24","slug":"miska-do-mieszania-fermentista","status":"publish","type":"product","link":"https:\/\/klejman2.com\/pl\/product\/fermentista-mengkom\/","title":{"rendered":"Miska do mieszania Fermentista"},"content":{"rendered":"<p>Nasza ulubiona miska do mieszania wykonana z wysokiej jako\u015bci materia\u0142u jest mocna, trwa\u0142a i odpowiednia do intensywnego codziennego u\u017cytkowania. Nie zatrzymuje plam z kurkumy i jest szczeg\u00f3lnie przydatna przy ugniataniu du\u017cych ilo\u015bci warzyw podczas fermentacji. Miska ma bia\u0142y kolor, kt\u00f3ry pozostaje schludny nawet po cz\u0119stym u\u017cytkowaniu.<\/p>\n\n\n\n<ul class=\"wp-block-list\">\n<li>pojemno\u015b\u0107: 11 litr\u00f3w<\/li>\n\n\n\n<li>rozmiar: 18(h) x 38(\u00d8)cm<\/li>\n\n\n\n<li>Mo\u017cliwo\u015b\u0107 u\u017cywania w kuchence mikrofalowej, zamra\u017carce i zmywarce<\/li>\n\n\n\n<li>odporny na wrz\u0105c\u0105 wod\u0119<\/li>\n<\/ul>\n\n\n\n<p><\/p>","protected":false},"excerpt":{"rendered":"<p>Nasza ulubiona miska do mieszania jest pojemna i wytrzyma\u0142a, co pozwala na ugniatanie i mieszanie du\u017cych ilo\u015bci warzyw bez wysi\u0142ku. Idealna dla tych, kt\u00f3rzy chc\u0105 fermentowa\u0107 w domu i lubi\u0105 pracowa\u0107 z wysokiej jako\u015bci materia\u0142ami. Jest to ta sama miska, kt\u00f3rej u\u017cywamy podczas naszych warsztat\u00f3w.<\/p>\n<p>Materia\u0142 jest mocny, trwa\u0142y i nie zatrzymuje plam z kurkumy, co jest szczeg\u00f3lnie przydatne w przypadku kolorowych przepis\u00f3w. Praktyczny wyb\u00f3r dla ka\u017cdego, kto lubi by\u0107 bardziej \u015bwiadomy jedzenia i ceni sobie wygod\u0119 w kuchni.<\/p>\n<p>Mis\u0119 t\u0119 mo\u017cna r\u00f3wnie\u017c naby\u0107 w ramach naszego zestawu Fermentista Box. Pude\u0142ko to zawiera nie tylko misk\u0119 do mieszania, ale tak\u017ce wysokiej jako\u015bci mandolin\u0119 i solidny szklany s\u0142oik typu weck. Pude\u0142ko mo\u017cna kupi\u0107 z ksi\u0105\u017ck\u0105 lub bez niej <em>Fermentista -\u00a0<\/em><i>Zdrowa moc sfermentowanych warzyw<\/i>.<\/p>","protected":false},"featured_media":22903,"template":"","meta":{"_acf_changed":false},"product_brand":[],"product_cat":[15],"product_tag":[],"class_list":{"0":"post-24796","1":"product","2":"type-product","3":"status-publish","4":"has-post-thumbnail","6":"product_cat-geen-categorie","8":"first","9":"instock","10":"taxable","11":"shipping-taxable","12":"purchasable","13":"product-type-simple"},"acf":[],"_links":{"self":[{"href":"https:\/\/klejman2.com\/pl\/wp-json\/wp\/v2\/product\/24796","targetHints":{"allow":["GET"]}}],"collection":[{"href":"https:\/\/klejman2.com\/pl\/wp-json\/wp\/v2\/product"}],"about":[{"href":"https:\/\/klejman2.com\/pl\/wp-json\/wp\/v2\/types\/product"}],"wp:featuredmedia":[{"embeddable":true,"href":"https:\/\/klejman2.com\/pl\/wp-json\/wp\/v2\/media\/22903"}],"wp:attachment":[{"href":"https:\/\/klejman2.com\/pl\/wp-json\/wp\/v2\/media?parent=24796"}],"wp:term":[{"taxonomy":"product_brand","embeddable":true,"href":"https:\/\/klejman2.com\/pl\/wp-json\/wp\/v2\/product_brand?post=24796"},{"taxonomy":"product_cat","embeddable":true,"href":"https:\/\/klejman2.com\/pl\/wp-json\/wp\/v2\/product_cat?post=24796"},{"taxonomy":"product_tag","embeddable":true,"href":"https:\/\/klejman2.com\/pl\/wp-json\/wp\/v2\/product_tag?post=24796"}],"curies":[{"name":"wp","href":"https:\/\/api.w.org\/{rel}","templated":true}]}}