{"id":22890,"date":"2025-04-09T13:31:12","date_gmt":"2025-04-09T11:31:12","guid":{"rendered":"https:\/\/klejman2.com\/?post_type=product&#038;p=22890"},"modified":"2026-04-22T15:10:50","modified_gmt":"2026-04-22T13:10:50","slug":"rozpoczac-fermentacje-fermentista-box","status":"publish","type":"product","link":"https:\/\/klejman2.com\/pl\/product\/start-met-fermenteren-fermentista-box\/","title":{"rendered":"Rozpocznij fermentacj\u0119 - Fermentista Box z ksi\u0105\u017ck\u0105"},"content":{"rendered":"<p><strong>Fermentista Box to kompletny zestaw startowy do rozpocz\u0119cia fermentacji<\/strong><\/p>\n\n\n\n<p>Chcesz zacz\u0105\u0107 fermentowa\u0107, ale nie wiesz co i jak? To <em>Fermentista Box<\/em> to wszystko, czego potrzebujesz, aby zacz\u0105\u0107 od razu. Bez zamieszania, po prostu zacznij.<\/p>\n\n\n\n<p><strong>Co znajduje si\u0119 w pude\u0142ku Fermentista?<\/strong><\/p>\n\n\n\n<p>- Nasza ulubiona miska do mieszania: pojemna, wytrzyma\u0142a i odporna na plamy z kurkumy. Idealna do ugniatania warzyw.<br>- Wysokiej jako\u015bci mandolina, kt\u00f3ra pozwala kroi\u0107 warzywa bardzo szybko i bezpiecznie - palce pozostaj\u0105 nienaruszone.<br>- Solidny szklany weckpot: idealny do bezpiecznego i bezproblemowego rozpocz\u0119cia fermentacji.<br>- I oczywi\u015bcie ksi\u0105\u017cka <em>Fermentista<\/em> - chyba \u017ce zdecydujesz si\u0119 na pude\u0142ko bez ksi\u0105\u017cki.<\/p>\n\n\n\n<p>Idealny dla tych, kt\u00f3rzy chc\u0105 je\u015b\u0107 zdrowiej, wzmocni\u0107 flor\u0119 jelitow\u0105 lub po prostu lubi\u0105 samodzielnie gotowa\u0107. Wybierz, czy chcesz otrzyma\u0107 pude\u0142ko z ksi\u0105\u017ck\u0105, czy bez niej.<\/p>\n\n\n\n<p>Idealny na prezent... lub po prostu dla siebie.<\/p>","protected":false},"excerpt":{"rendered":"<p><span data-tt=\"{}\">Napisali\u015bmy ksi\u0105\u017ck\u0119. Tak. I to jest oficjalne. Ale... ksi\u0105\u017cka zbieraj\u0105ca kurz na p\u00f3\u0142ce? To nie sprawi, \u017ce b\u0119dziesz zdrowszy, prawda? Wymy\u015blili\u015bmy wi\u0119c co\u015b, co naprawd\u0119 pomo\u017ce ci zacz\u0105\u0107 fermentowa\u0107.<\/span><\/p>\n<p><span data-tt=\"{}\">Fermentista Box zawiera wszystko, czego potrzebujesz, aby rozpocz\u0105\u0107 fermentacj\u0119. Nasza ulubiona miska do mieszania - solidna, wystarczaj\u0105co du\u017ca, a plamy z kurkumy? \u017baden problem, wystarczy zmy\u0107 je p\u0142ynem do mycia naczy\u0144. Dodatkowo: fantastyczna mandolina, starannie wybrana na podstawie rekomendacji Geerta (merci, Geert!), dzi\u0119ki czemu krojenie zieleniny staje si\u0119 dziecinnie proste.\u00a0 <\/span><span data-tt=\"{}\">I oczywi\u015bcie: najwy\u017cszej jako\u015bci szklany dzbanek - prawdziwy s\u0142oik weck, kt\u00f3rym b\u0119dziesz cieszy\u0107 si\u0119 przez lata. <\/span><\/p>\n<p><span data-tt=\"{}\">Czy masz ju\u017c nasz\u0105 ksi\u0105\u017ck\u0119? Na g\u00f3rze, a nast\u0119pnie wybierz pole bez ksi\u0105\u017cki. Jeszcze nie? W takim razie mo\u017cesz zam\u00f3wi\u0107 j\u0105 razem z pude\u0142kiem. <\/span><\/p>\n<p><span data-tt=\"{}\">Bardzo si\u0119 cieszymy, \u017ce Ty r\u00f3wnie\u017c zamierzasz zacz\u0105\u0107 fermentowa\u0107. I tak... od teraz b\u0119dziemy ci\u0119 troch\u0119 prze\u015bladowa\u0107, dop\u00f3ki nie zaczniesz. Poniewa\u017c zaufaj nam: jedna \u0142y\u017cka dziennie mo\u017ce naprawd\u0119 zrobi\u0107 r\u00f3\u017cnic\u0119.<\/span><\/p>","protected":false},"featured_media":22902,"template":"","meta":{"_acf_changed":false},"product_brand":[],"product_cat":[277],"product_tag":[],"class_list":{"0":"post-22890","1":"product","2":"type-product","3":"status-publish","4":"has-post-thumbnail","6":"product_cat-paketten-en-bundels","7":"product_shipping_class-gratis","9":"first","10":"instock","11":"taxable","12":"shipping-taxable","13":"purchasable","14":"product-type-simple"},"acf":[],"_links":{"self":[{"href":"https:\/\/klejman2.com\/pl\/wp-json\/wp\/v2\/product\/22890","targetHints":{"allow":["GET"]}}],"collection":[{"href":"https:\/\/klejman2.com\/pl\/wp-json\/wp\/v2\/product"}],"about":[{"href":"https:\/\/klejman2.com\/pl\/wp-json\/wp\/v2\/types\/product"}],"wp:featuredmedia":[{"embeddable":true,"href":"https:\/\/klejman2.com\/pl\/wp-json\/wp\/v2\/media\/22902"}],"wp:attachment":[{"href":"https:\/\/klejman2.com\/pl\/wp-json\/wp\/v2\/media?parent=22890"}],"wp:term":[{"taxonomy":"product_brand","embeddable":true,"href":"https:\/\/klejman2.com\/pl\/wp-json\/wp\/v2\/product_brand?post=22890"},{"taxonomy":"product_cat","embeddable":true,"href":"https:\/\/klejman2.com\/pl\/wp-json\/wp\/v2\/product_cat?post=22890"},{"taxonomy":"product_tag","embeddable":true,"href":"https:\/\/klejman2.com\/pl\/wp-json\/wp\/v2\/product_tag?post=22890"}],"curies":[{"name":"wp","href":"https:\/\/api.w.org\/{rel}","templated":true}]}}