{"id":21525,"date":"2025-01-17T15:58:20","date_gmt":"2025-01-17T14:58:20","guid":{"rendered":"https:\/\/klejman2.com\/?post_type=product&#038;p=21525"},"modified":"2026-04-22T15:11:17","modified_gmt":"2026-04-22T13:11:17","slug":"ksiazka-fermentisty","status":"publish","type":"product","link":"https:\/\/klejman2.com\/pl\/product\/fermentista-boek\/","title":{"rendered":"Ksi\u0105\u017cka Fermentista"},"content":{"rendered":"<p><strong>Szczeg\u00f3\u0142y ksi\u0105\u017cki<\/strong><\/p>\n<ul>\n<li><strong>Tytu\u0142<\/strong>: <em>Fermentista: Zdrowa moc sfermentowanych warzyw<\/em><\/li>\n<li><strong>Autorzy<\/strong>Marta Klejman &amp; Joanna Klejman<\/li>\n<li><strong>Wydawca<\/strong>: <a href=\"https:\/\/www.lannoo.be\/nl\/fermentista\">Lannoo<\/a><\/li>\n<li><strong>Data publikacji<\/strong>1 kwietnia 2025 r.<\/li>\n<\/ul>\n\n\n<p><\/p>","protected":false},"excerpt":{"rendered":"<p>Z <em>Fermentista<\/em> uczy krok po kroku, jak przygotowa\u0107 w\u0142asne sfermentowane warzywa, u\u017cywaj\u0105c wy\u0142\u0105cznie naturalnych sk\u0142adnik\u00f3w. Jest to proste i przyst\u0119pne, nawet je\u015bli nie jeste\u015b ksi\u0119ciem kuchni. Twoje cia\u0142o zas\u0142uguje na mi\u0142o\u015b\u0107 i trosk\u0119. Dzi\u0119ki tej ksi\u0105\u017cce odkryjesz naturaln\u0105 drog\u0119 do wi\u0119kszej energii i zdrowia, jednocze\u015bnie ciesz\u0105c si\u0119 czystymi doznaniami smakowymi. My, Marta i Joanna, osobi\u015bcie do\u015bwiadczy\u0142y\u015bmy negatywnego wp\u0142ywu ultra przetworzonej \u017cywno\u015bci na nasze zdrowie. Dlatego w tej ksi\u0105\u017cce tchniemy nowe \u017cycie w tradycyjne przepisy z nowoczesnym akcentem i zaskoczymy Ci\u0119 smacznymi daniami, w kt\u00f3rych fermentowane warzywa kradn\u0105 show w ka\u017cdej kreacji.<\/p>","protected":false},"featured_media":21526,"template":"","meta":{"_acf_changed":false},"product_brand":[],"product_cat":[258],"product_tag":[],"class_list":{"0":"post-21525","1":"product","2":"type-product","3":"status-publish","4":"has-post-thumbnail","6":"product_cat-boek","8":"first","9":"instock","10":"taxable","11":"shipping-taxable","12":"purchasable","13":"product-type-simple"},"acf":[],"_links":{"self":[{"href":"https:\/\/klejman2.com\/pl\/wp-json\/wp\/v2\/product\/21525","targetHints":{"allow":["GET"]}}],"collection":[{"href":"https:\/\/klejman2.com\/pl\/wp-json\/wp\/v2\/product"}],"about":[{"href":"https:\/\/klejman2.com\/pl\/wp-json\/wp\/v2\/types\/product"}],"wp:featuredmedia":[{"embeddable":true,"href":"https:\/\/klejman2.com\/pl\/wp-json\/wp\/v2\/media\/21526"}],"wp:attachment":[{"href":"https:\/\/klejman2.com\/pl\/wp-json\/wp\/v2\/media?parent=21525"}],"wp:term":[{"taxonomy":"product_brand","embeddable":true,"href":"https:\/\/klejman2.com\/pl\/wp-json\/wp\/v2\/product_brand?post=21525"},{"taxonomy":"product_cat","embeddable":true,"href":"https:\/\/klejman2.com\/pl\/wp-json\/wp\/v2\/product_cat?post=21525"},{"taxonomy":"product_tag","embeddable":true,"href":"https:\/\/klejman2.com\/pl\/wp-json\/wp\/v2\/product_tag?post=21525"}],"curies":[{"name":"wp","href":"https:\/\/api.w.org\/{rel}","templated":true}]}}