{"id":13347,"date":"2022-09-21T15:43:14","date_gmt":"2022-09-21T13:43:14","guid":{"rendered":"https:\/\/klejman2.com\/?post_type=product&#038;p=13347"},"modified":"2026-04-22T15:14:08","modified_gmt":"2026-04-22T13:14:08","slug":"kokosyoghurt-beginnerskit","status":"publish","type":"product","link":"https:\/\/klejman2.com\/pl\/produkt\/kokosyoghurt-beginnerskit\/","title":{"rendered":"Zestaw startowy jogurtu kokosowego"},"content":{"rendered":"<p style=\"font-weight: 400;\">Zawarto\u015b\u0107 zestawu startowego jogurtu kokosowego:<\/p>\n<ul>\n<li>Link do filmu instrukta\u017cowego \u2018Jak zrobi\u0107 w\u0142asny jogurt kokosowy w domu\u2019 i spisany przepis na jogurt kokosowy<\/li>\n<li>Szklany s\u0142oik<\/li>\n<li>Organiczna \u015bmietanka kokosowa<\/li>\n<li>Starter Natali<\/li>\n<li>Worek jutowy - 30 * 30 * 19 cm<\/li>\n<\/ul>","protected":false},"excerpt":{"rendered":"<p style=\"font-weight: 400;\">Odkryj nasz zestaw dla pocz\u0105tkuj\u0105cych do przygotowywania \u015bwie\u017cego jogurtu kokosowego.<\/p>\n<p style=\"font-weight: 400;\">Czy wiesz, \u017ce jogurt jest r\u00f3wnie\u017c sfermentowan\u0105 \u017cywno\u015bci\u0105? Bogaty w \u017cywe bakterie kwasu mlekowego, jogurt kokosowy jest doskona\u0142ym \u017ar\u00f3d\u0142em probiotyk\u00f3w, kt\u00f3re pomagaj\u0105 wspiera\u0107 mikrobiom jelitowy. Idealnie pasuje do zbilansowanej diety.<\/p>\n<p style=\"font-weight: 400;\">Ten lekko sfermentowany produkt jest idealny dla os\u00f3b, kt\u00f3re nie s\u0105 jeszcze przyzwyczajone do fermentowanej \u017cywno\u015bci. Jest r\u00f3wnie\u017c zalecany dla os\u00f3b z problemami trawiennymi, kt\u00f3re cz\u0119sto wskazuj\u0105 na brak r\u00f3wnowagi w mikrobiomie jelitowym.<\/p>\n<p style=\"font-weight: 400;\">Dzi\u0119ki naszemu zestawowi startowemu dowiesz si\u0119, jak \u0142atwo zrobi\u0107 w\u0142asny jogurt kokosowy, a my wy\u015blemy Ci wszystko, czego potrzebujesz, aby zacz\u0105\u0107.<\/p>\n<p style=\"font-weight: 400;\"><strong>Zawarto\u015b\u0107 zestawu startowego jogurtu kokosowego:<\/strong><\/p>\n<ul>\n<li>Wiadomo\u015b\u0107 e-mail z linkiem do filmu instrukta\u017cowego \u2018Jak zrobi\u0107 w\u0142asny jogurt kokosowy w domu\u2019 i spisanym przepisem.<\/li>\n<li>Pi\u0119kny szklany s\u0142oik<\/li>\n<li>Organiczna \u015bmietanka kokosowa<\/li>\n<li>Organiczny starter Natali: liofilizowane fermenty <em>Lactobacillus delbrueckii subsp. bulgaricus<\/em>, <em>Streptococcus thermophilus<\/em><\/li>\n<li>Luksusowa torba jutowa na prezent<\/li>\n<\/ul>\n<p style=\"font-weight: 400;\">Zacznij przygotowywa\u0107 sw\u00f3j w\u0142asny pyszny jogurt kokosowy ju\u017c dzi\u015b.<\/p>","protected":false},"featured_media":21694,"template":"","meta":{"_acf_changed":false},"product_brand":[],"product_cat":[277,275],"product_tag":[],"class_list":{"0":"post-13347","1":"product","2":"type-product","3":"status-publish","4":"has-post-thumbnail","6":"product_cat-paketten-en-bundels","7":"product_cat-workshops","9":"first","10":"instock","11":"taxable","12":"shipping-taxable","13":"purchasable","14":"product-type-simple"},"acf":[],"_links":{"self":[{"href":"https:\/\/klejman2.com\/pl\/wp-json\/wp\/v2\/product\/13347","targetHints":{"allow":["GET"]}}],"collection":[{"href":"https:\/\/klejman2.com\/pl\/wp-json\/wp\/v2\/product"}],"about":[{"href":"https:\/\/klejman2.com\/pl\/wp-json\/wp\/v2\/types\/product"}],"wp:featuredmedia":[{"embeddable":true,"href":"https:\/\/klejman2.com\/pl\/wp-json\/wp\/v2\/media\/21694"}],"wp:attachment":[{"href":"https:\/\/klejman2.com\/pl\/wp-json\/wp\/v2\/media?parent=13347"}],"wp:term":[{"taxonomy":"product_brand","embeddable":true,"href":"https:\/\/klejman2.com\/pl\/wp-json\/wp\/v2\/product_brand?post=13347"},{"taxonomy":"product_cat","embeddable":true,"href":"https:\/\/klejman2.com\/pl\/wp-json\/wp\/v2\/product_cat?post=13347"},{"taxonomy":"product_tag","embeddable":true,"href":"https:\/\/klejman2.com\/pl\/wp-json\/wp\/v2\/product_tag?post=13347"}],"curies":[{"name":"wp","href":"https:\/\/api.w.org\/{rel}","templated":true}]}}