{"id":11526,"date":"2021-11-28T19:55:11","date_gmt":"2021-11-28T18:55:11","guid":{"rendered":"https:\/\/klejman2.com\/?post_type=product&#038;p=11526"},"modified":"2026-05-07T14:53:52","modified_gmt":"2026-05-07T12:53:52","slug":"huisgemaakte-verse-kimchi-kopen","status":"publish","type":"product","link":"https:\/\/klejman2.com\/pl\/produkt\/huisgemaakte-verse-kimchi-kopen\/","title":{"rendered":"Ma\u0142y pucharek Kimchi"},"content":{"rendered":"<p><span class=\"OYPEnA text-decoration-none text-strikethrough-none\">Sk\u0142adniki: C<\/span><span class=\"OYPEnA text-decoration-none text-strikethrough-none\">Kapusta peki\u0144ska, kalarepa, koper w\u0142oski, marchew, czerwona papryka, kapusta peki\u0144ska, pak choi, daikon, rzodkiewka, jab\u0142ko, rzepa, korze\u0144 kurkumy, korze\u0144 imbiru, czosnek, dymka, s\u00f3l, pieprz cayenne.<br \/>\nAllergenen: kan sporen van mosterd bevatten.<\/span><\/p>\n<div class=\"wptb-container-legacy\" data-table-id=\"25134\">\n    <table class=\"wptb-preview-table wptb-element-main-table_setting-25134\" style=\"border-spacing: 3px 3px; border-collapse: collapse !important; min-width: 100%; border: 1px solid #000000; \" data-border-spacing-columns=\"3\" data-border-spacing-rows=\"3\" data-reconstraction=\"1\" data-wptb-table-directives=\"eyJpbm5lckJvcmRlcnMiOnsiYWN0aXZlIjoiYWxsIiwiYm9yZGVyV2lkdGgiOjEsImJvcmRlclJhZGl1c2VzIjp7ImFsbCI6MCwicm93IjowLCJjb2x1bW4iOjB9fX0=\" data-wptb-responsive-directives=\"eyJyZXNwb25zaXZlRW5hYmxlZCI6ZmFsc2UsInJlc3BvbnNpdmVNb2RlIjoiYXV0byIsInJlbGF0aXZlV2lkdGgiOiJ3aW5kb3ciLCJwcmVzZXJ2ZVJvd0NvbG9yIjpmYWxzZSwiaGVhZGVyRnVsbHlNZXJnZWQiOmZhbHNlLCJicmVha3BvaW50cyI6eyJkZXNrdG9wIjp7Im5hbWUiOiJkZXNrdG9wIiwid2lkdGgiOjEwMjR9LCJ0YWJsZXQiOnsibmFtZSI6InRhYmxldCIsIndpZHRoIjo3MDB9LCJtb2JpbGUiOnsibmFtZSI6Im1vYmlsZSIsIndpZHRoIjozNzV9fSwibW9kZU9wdGlvbnMiOnsiYXV0byI6eyJkaXNhYmxlZCI6eyJkZXNrdG9wIjpmYWxzZSwidGFibGV0IjpmYWxzZSwibW9iaWxlIjpmYWxzZX0sInRvcFJvd0FzSGVhZGVyIjp7ImRlc2t0b3AiOmZhbHNlLCJ0YWJsZXQiOnRydWUsIm1vYmlsZSI6dHJ1ZX0sInJlcGVhdE1lcmdlZEhlYWRlciI6eyJkZXNrdG9wIjp0cnVlLCJ0YWJsZXQiOnRydWUsIm1vYmlsZSI6dHJ1ZX0sInN0YXRpY1RvcFJvdyI6eyJkZXNrdG9wIjpmYWxzZSwidGFibGV0IjpmYWxzZSwibW9iaWxlIjpmYWxzZX0sImNlbGxTdGFja0RpcmVjdGlvbiI6eyJkZXNrdG9wIjoicm93IiwidGFibGV0Ijoicm93IiwibW9iaWxlIjoicm93In0sImNlbGxzUGVyUm93Ijp7ImRlc2t0b3AiOjEsInRhYmxldCI6MiwibW9iaWxlIjoxfX19fQ==\" data-wptb-cells-width-auto-count=\"2\" data-wptb-extra-styles=\"\" data-wptb-pro-pagination-top-row-header=\"false\" data-wptb-rows-per-page=\"10\" data-wptb-pro-search-top-row-header=\"false\" data-wptb-searchbar-position=\"left\" role=\"table\" data-table-columns=\"2\" data-wptb-table-alignment=\"center\" data-wptb-td-width-auto=\"75\" data-wptb-table-tds-sum-max-width=\"588\" ><tbody data-global-font-size=\"15\" ><tr  class=\"wptb-row\" style=\"\"><td class=\"wptb-cell\" colspan=\"1\" rowspan=\"1\" style=\"padding: 2px; width: 500px; border-width: 1px; border-color: #000000; border-style: solid; border-radius: 0px; \" data-y-index=\"0\" data-x-index=\"0\" data-wptb-css-td-auto-width=\"false\" data-wptb-css-td-auto-height=\"true\" data-wptb-cell-vertical-alignment=\"center\" ><div class=\"wptb-text-container wptb-ph-element wptb-element-text-597\" style=\"font-size: 15px; \"><div style=\"position: relative;\"><p><strong>Gemiddelde voedingswaarde \/ valeurs nutritionnelles \/ moyennes average nutritional value \/ durchschnittlicher N\u00e4hrwert<\/strong><\/p><\/div><\/div><\/td><td class=\"wptb-cell\" colspan=\"1\" rowspan=\"1\" style=\"padding: 2px; border-width: 1px; border-color: #000000; border-style: solid; border-radius: 0px; \" data-y-index=\"0\" data-x-index=\"1\" data-wptb-css-td-auto-width=\"true\" data-wptb-css-td-auto-height=\"true\" data-wptb-cell-vertical-alignment=\"center\" ><div class=\"wptb-text-container wptb-ph-element wptb-element-text-598\" style=\"font-size: 15px; \"><div style=\"position: relative;\"><p><strong>100 g<\/strong><\/p><\/div><\/div><\/td><\/tr><tr  class=\"wptb-row\" style=\"\"><td class=\"wptb-cell\" colspan=\"1\" rowspan=\"1\" style=\"padding: 2px; width: 500px; border-width: 1px; border-color: #000000; border-style: solid; border-radius: 0px; \" data-y-index=\"1\" data-x-index=\"0\" data-wptb-css-td-auto-width=\"false\" data-wptb-css-td-auto-height=\"true\" data-wptb-cell-vertical-alignment=\"center\" ><div class=\"wptb-text-container wptb-ph-element wptb-element-text-599\" style=\"font-size: 15px; \"><div style=\"position: relative;\"><p>Energie \/ \u00e9nergie \/ energy \/ Brennwert<\/p><\/div><\/div><\/td><td class=\"wptb-cell\" colspan=\"1\" rowspan=\"1\" style=\"padding: 2px; border-width: 1px; border-color: #000000; border-style: solid; border-radius: 0px; \" data-y-index=\"1\" data-x-index=\"1\" data-wptb-css-td-auto-width=\"true\" data-wptb-css-td-auto-height=\"true\" data-wptb-cell-vertical-alignment=\"center\" ><div class=\"wptb-text-container wptb-ph-element wptb-element-text-600\" style=\"font-size: 15px; \"><div style=\"position: relative;\"><p>69 kJ \/ 17 kcal<\/p><\/div><\/div><\/td><\/tr><tr  class=\"wptb-row\" style=\"\"><td class=\"wptb-cell\" colspan=\"1\" rowspan=\"1\" style=\"padding: 2px; width: 500px; border-width: 1px; border-color: #000000; border-style: solid; border-radius: 0px; \" data-y-index=\"2\" data-x-index=\"0\" data-wptb-css-td-auto-width=\"false\" data-wptb-css-td-auto-height=\"true\" data-wptb-cell-vertical-alignment=\"center\" ><div class=\"wptb-text-container wptb-ph-element wptb-element-text-601\" style=\"font-size: 15px; \"><div style=\"position: relative;\"><p>Vet \/ mati\u00e8res grasses \/ fat \/ Fett<\/p><\/div><\/div><\/td><td class=\"wptb-cell\" colspan=\"1\" rowspan=\"1\" style=\"padding: 2px; border-width: 1px; border-color: #000000; border-style: solid; border-radius: 0px; \" data-y-index=\"2\" data-x-index=\"1\" data-wptb-css-td-auto-width=\"true\" data-wptb-css-td-auto-height=\"true\" data-wptb-cell-vertical-alignment=\"center\" ><div class=\"wptb-text-container wptb-ph-element wptb-element-text-602\" style=\"font-size: 15px; \"><div style=\"position: relative;\"><p>0,3 g<\/p><\/div><\/div><\/td><\/tr><tr  class=\"wptb-row\" style=\"\"><td class=\"wptb-cell\" colspan=\"1\" rowspan=\"1\" style=\"padding: 2px; width: 500px; border-width: 1px; border-color: #000000; border-style: solid; border-radius: 0px; \" data-y-index=\"3\" data-x-index=\"0\" data-wptb-css-td-auto-width=\"false\" data-wptb-css-td-auto-height=\"true\" data-wptb-cell-vertical-alignment=\"center\" ><div class=\"wptb-text-container wptb-ph-element wptb-element-text-603\" style=\"font-size: 15px; \"><div style=\"position: relative;\"><p>waarvan verzadigd \/ dont satur\u00e9 \/ of which saturated \/ davon ges\u00e4ttigt<\/p><\/div><\/div><\/td><td class=\"wptb-cell\" colspan=\"1\" rowspan=\"1\" style=\"padding: 2px; border-width: 1px; border-color: #000000; border-style: solid; border-radius: 0px; \" data-y-index=\"3\" data-x-index=\"1\" data-wptb-css-td-auto-width=\"true\" data-wptb-css-td-auto-height=\"true\" data-wptb-cell-vertical-alignment=\"center\" ><div class=\"wptb-text-container wptb-ph-element wptb-element-text-604\" style=\"font-size: 15px; \"><div style=\"position: relative;\"><p><0,1 g<\/p><\/div><\/div><\/td><\/tr><tr  class=\"wptb-row\" style=\"\"><td class=\"wptb-cell\" colspan=\"1\" rowspan=\"1\" style=\"padding: 2px; width: 500px; border-width: 1px; border-color: #000000; border-style: solid; border-radius: 0px; \" data-y-index=\"4\" data-x-index=\"0\" data-wptb-css-td-auto-width=\"false\" data-wptb-css-td-auto-height=\"true\" data-wptb-cell-vertical-alignment=\"center\" ><div class=\"wptb-text-container wptb-ph-element wptb-element-text-605\" style=\"font-size: 15px; \"><div style=\"position: relative;\"><p>Koolhydraten \/ glucides \/ carbohydrates \/ Kohlenhydrate<\/p><\/div><\/div><\/td><td class=\"wptb-cell\" colspan=\"1\" rowspan=\"1\" style=\"padding: 2px; border-width: 1px; border-color: #000000; border-style: solid; border-radius: 0px; \" data-y-index=\"4\" data-x-index=\"1\" data-wptb-css-td-auto-width=\"true\" data-wptb-css-td-auto-height=\"true\" data-wptb-cell-vertical-alignment=\"center\" ><div class=\"wptb-text-container wptb-ph-element wptb-element-text-606\" style=\"font-size: 15px; \"><div style=\"position: relative;\"><p>1,3 g<\/p><\/div><\/div><\/td><\/tr><tr  class=\"wptb-row\" style=\"\"><td class=\"wptb-cell\" colspan=\"1\" rowspan=\"1\" style=\"padding: 2px; width: 500px; border-width: 1px; border-color: #000000; border-style: solid; border-radius: 0px; \" data-y-index=\"5\" data-x-index=\"0\" data-wptb-css-td-auto-width=\"false\" data-wptb-css-td-auto-height=\"true\" data-wptb-cell-vertical-alignment=\"center\" ><div class=\"wptb-text-container wptb-ph-element wptb-element-text-607\" style=\"font-size: 15px; \"><div style=\"position: relative;\"><p>waarvan suikers \/ dont sucres \/ of which sugars \/ davon Zucker<\/p><\/div><\/div><\/td><td class=\"wptb-cell\" colspan=\"1\" rowspan=\"1\" style=\"padding: 2px; border-width: 1px; border-color: #000000; border-style: solid; border-radius: 0px; \" data-y-index=\"5\" data-x-index=\"1\" data-wptb-css-td-auto-width=\"true\" data-wptb-css-td-auto-height=\"true\" data-wptb-cell-vertical-alignment=\"center\" ><div class=\"wptb-text-container wptb-ph-element wptb-element-text-608\" style=\"font-size: 15px; \"><div style=\"position: relative;\"><p><0,2 g<\/p><\/div><\/div><\/td><\/tr><tr  class=\"wptb-row\" style=\"\"><td class=\"wptb-cell\" colspan=\"1\" rowspan=\"1\" style=\"padding: 2px; width: 500px; border-width: 1px; border-color: #000000; border-style: solid; border-radius: 0px; \" data-y-index=\"6\" data-x-index=\"0\" data-wptb-css-td-auto-width=\"false\" data-wptb-css-td-auto-height=\"true\" data-wptb-cell-vertical-alignment=\"center\" ><div class=\"wptb-text-container wptb-ph-element wptb-element-text-609\" style=\"font-size: 15px; \"><div style=\"position: relative;\"><p>Vezels \/ fibres \/ fibre \/ Ballastoffe<\/p><\/div><\/div><\/td><td class=\"wptb-cell\" colspan=\"1\" rowspan=\"1\" style=\"padding: 2px; border-width: 1px; border-color: #000000; border-style: solid; border-radius: 0px; \" data-y-index=\"6\" data-x-index=\"1\" data-wptb-css-td-auto-width=\"true\" data-wptb-css-td-auto-height=\"true\" data-wptb-cell-vertical-alignment=\"center\" ><div class=\"wptb-text-container wptb-ph-element wptb-element-text-610\" style=\"font-size: 15px; \"><div style=\"position: relative;\"><p>2,3 g<\/p><\/div><\/div><\/td><\/tr><tr  class=\"wptb-row\" style=\"\"><td class=\"wptb-cell\" colspan=\"1\" rowspan=\"1\" style=\"padding: 2px; width: 500px; border-width: 1px; border-color: #000000; border-style: solid; border-radius: 0px; \" data-y-index=\"7\" data-x-index=\"0\" data-wptb-css-td-auto-width=\"false\" data-wptb-css-td-auto-height=\"true\" data-wptb-cell-vertical-alignment=\"center\" ><div class=\"wptb-text-container wptb-ph-element wptb-element-text-611\" style=\"font-size: 15px; \"><div style=\"position: relative;\"><p>Eiwit \/ prot\u00e9ines \/ protein \/ Eiwei\u03b2<\/p><\/div><\/div><\/td><td class=\"wptb-cell\" colspan=\"1\" rowspan=\"1\" style=\"padding: 2px; border-width: 1px; border-color: #000000; border-style: solid; border-radius: 0px; \" data-y-index=\"7\" data-x-index=\"1\" data-wptb-css-td-auto-width=\"true\" data-wptb-css-td-auto-height=\"true\" data-wptb-cell-vertical-alignment=\"center\" ><div class=\"wptb-text-container wptb-ph-element wptb-element-text-612\" style=\"font-size: 15px; \"><div style=\"position: relative;\"><p>1,1 g<\/p><\/div><\/div><\/td><\/tr><tr  class=\"wptb-row\" style=\"\"><td class=\"wptb-cell\" colspan=\"1\" rowspan=\"1\" style=\"padding: 2px; width: 500px; border-width: 1px; border-color: #000000; border-style: solid; border-radius: 0px; \" data-y-index=\"8\" data-x-index=\"0\" data-wptb-css-td-auto-width=\"false\" data-wptb-css-td-auto-height=\"true\" data-wptb-cell-vertical-alignment=\"center\" ><div class=\"wptb-text-container wptb-ph-element wptb-element-text-613\" style=\"font-size: 15px; \"><div style=\"position: relative;\"><p>Zout \/ sel \/ salt \/ Salz<\/p><\/div><\/div><\/td><td class=\"wptb-cell\" colspan=\"1\" rowspan=\"1\" style=\"padding: 2px; border-width: 1px; border-color: #000000; border-style: solid; border-radius: 0px; \" data-y-index=\"8\" data-x-index=\"1\" data-wptb-css-td-auto-width=\"true\" data-wptb-css-td-auto-height=\"true\" data-wptb-cell-vertical-alignment=\"center\" ><div class=\"wptb-text-container wptb-ph-element wptb-element-text-614\" style=\"font-size: 15px; \"><div style=\"position: relative;\"><p>1,81 g<\/p><\/div><\/div><\/td><\/tr><\/tbody><\/table>\n<\/div>\n\n<div class=\"\">\n<div class=\"\">\n<p style=\"font-weight: 400;\">Een ongeopende bokaal bewaar je het best droog en koel. Na opening zet je hem in de koelkast. Bij het eerste openen kan de inhoud soms bruisen of overlopen, en dat is helemaal ok\u00e9. Dit komt door het koolstofdioxide die ontstaat tijdens de natuurlijke melkzuurfermentatie.<\/p>\n<p style=\"font-weight: 400;\">Consumeer de gefermenteerde groenten binnen 6 weken. Rijk aan vezels en niet-gepasteuriseerd. Eet dagelijks \u00e9\u00e9n eetlepel als aanvulling op een gezond eetpatroon. Met een pot van 450 g geniet je gemiddeld 10 dagen van onze gefermenteerde groenten, en met een pot van 950 g ongeveer 20 dagen<\/p>\n<\/div>\n<\/div>","protected":false},"excerpt":{"rendered":"<p style=\"font-weight: 400;\"><em>Pomys\u0142owe korea\u0144skie jedzenie na pot\u0119g\u0119<\/em><\/p>\n<p class=\"\" data-start=\"170\" data-end=\"543\"><strong data-start=\"170\" data-end=\"260\">Kupujesz kimchi? Odkryj nasze nieodparte, wega\u0144skie kimchi pe\u0142ne smaku i zdrowia.<\/strong><br data-start=\"260\" data-end=\"263\" \/>Kimchi to genialne danie. Jest nieprawdopodobnie smaczne i zdrowe. Ten probiotyczny pokarm natychmiast uszcz\u0119\u015bliwia uk\u0142ad pokarmowy. Zdrowe bakterie kwasu mlekowego tworz\u0105 zr\u00f3wnowa\u017cony mikrobiom jelitowy, pomagaj\u0105c lepiej wch\u0142ania\u0107 wa\u017cne sk\u0142adniki od\u017cywcze.<\/p>\n<p class=\"\" data-start=\"545\" data-end=\"875\">Ci, kt\u00f3rzy chc\u0105 kupi\u0107 kimchi, s\u0105 we w\u0142a\u015bciwym miejscu: nasza unikalna receptura zapewnia pikantne, ale przyst\u0119pne azjatyckie smaki, idealne do sa\u0142atki lub gor\u0105cego posi\u0142ku - lub po prostu pyszne z \u0142y\u017cki. Wykonane z ponad 10 r\u00f3\u017cnych warzyw, ca\u0142kowicie na bazie ro\u015blin i bez sosu rybnego, wi\u0119c nawet weganie mog\u0105 cieszy\u0107 si\u0119 nim beztrosko.<\/p>","protected":false},"featured_media":26307,"template":"","meta":{"_acf_changed":false},"product_brand":[],"product_cat":[73],"product_tag":[],"class_list":{"0":"post-11526","1":"product","2":"type-product","3":"status-publish","4":"has-post-thumbnail","6":"product_cat-gefermenteerde-groenten","8":"first","9":"instock","10":"taxable","11":"shipping-taxable","12":"purchasable","13":"product-type-simple"},"acf":[],"_links":{"self":[{"href":"https:\/\/klejman2.com\/pl\/wp-json\/wp\/v2\/product\/11526","targetHints":{"allow":["GET"]}}],"collection":[{"href":"https:\/\/klejman2.com\/pl\/wp-json\/wp\/v2\/product"}],"about":[{"href":"https:\/\/klejman2.com\/pl\/wp-json\/wp\/v2\/types\/product"}],"wp:featuredmedia":[{"embeddable":true,"href":"https:\/\/klejman2.com\/pl\/wp-json\/wp\/v2\/media\/26307"}],"wp:attachment":[{"href":"https:\/\/klejman2.com\/pl\/wp-json\/wp\/v2\/media?parent=11526"}],"wp:term":[{"taxonomy":"product_brand","embeddable":true,"href":"https:\/\/klejman2.com\/pl\/wp-json\/wp\/v2\/product_brand?post=11526"},{"taxonomy":"product_cat","embeddable":true,"href":"https:\/\/klejman2.com\/pl\/wp-json\/wp\/v2\/product_cat?post=11526"},{"taxonomy":"product_tag","embeddable":true,"href":"https:\/\/klejman2.com\/pl\/wp-json\/wp\/v2\/product_tag?post=11526"}],"curies":[{"name":"wp","href":"https:\/\/api.w.org\/{rel}","templated":true}]}}