{"id":11397,"date":"2021-04-14T17:53:23","date_gmt":"2021-04-14T15:53:23","guid":{"rendered":"https:\/\/klejman2.com\/?post_type=product&#038;p=11397"},"modified":"2026-04-22T15:16:50","modified_gmt":"2026-04-22T13:16:50","slug":"workshop-fermenteren-online-cursus","status":"publish","type":"product","link":"https:\/\/klejman2.com\/pl\/produkt\/workshop-fermenteren-online-cursus\/","title":{"rendered":"Warsztat fermentacji - kurs online"},"content":{"rendered":"<p style=\"font-weight: 400;\"><strong>Kiedy?<br \/>\n<\/strong>Dla Twojej wygody. Po zakupie otrzymasz wiadomo\u015b\u0107 e-mail ze wszystkimi instrukcjami dotycz\u0105cymi warsztat\u00f3w. Tworzysz konto i mo\u017cesz \u015bledzi\u0107 warsztaty we w\u0142asnym tempie. Twoje konto pozostanie aktywne przez czas nieokre\u015blony.<\/p>\n<p style=\"font-weight: 400;\"><strong>Gdzie?<br \/>\n<\/strong>W domu.<\/p>\n<p style=\"font-weight: 400;\">Uwaga: To konto jest indywidualne, a jego zawarto\u015b\u0107 jest chroniona prawem autorskim. U\u017cytkownik nie mo\u017ce udost\u0119pnia\u0107 swojego konta ani jego zawarto\u015bci stronom trzecim ani wy\u015bwietla\u0107 go w grupach.<\/p>","protected":false},"excerpt":{"rendered":"<p style=\"font-weight: 400;\">Odkryj podstawowe techniki fermentacji w tym wci\u0105gaj\u0105cym kursie online. Po utworzeniu osobistego konta otrzymasz natychmiastowy i nieograniczony dost\u0119p do nagra\u0144 wideo z warsztat\u00f3w. Mo\u017cesz zacz\u0105\u0107 w dowolnym momencie i uczy\u0107 si\u0119 we w\u0142asnym tempie.<\/p>\n<p style=\"font-weight: 400;\">Fermentacja warzyw to naturalny i szczeg\u00f3lnie ekscytuj\u0105cy proces, w kt\u00f3rym w\u0119glowodany s\u0105 przekszta\u0142cane w kwas mlekowy przez bakterie. Ten niewidoczny, fascynuj\u0105cy proces prowadzi do powstania pysznych produkt\u00f3w, bogatych w probiotyki i b\u0142onnik. Po zamkni\u0119ciu pokrywki bakterie kwasu mlekowego zabieraj\u0105 si\u0119 do pracy. Twoim zadaniem jest stworzenie najkorzystniejszych warunk\u00f3w dla tego procesu, a my Ci w tym pomo\u017cemy.<\/p>\n<p style=\"font-weight: 400;\"><strong>Czego mo\u017cna oczekiwa\u0107 od warsztat\u00f3w fermentacyjnych online?<\/strong><\/p>\n<ul style=\"font-weight: 400;\">\n<li>Szczeg\u00f3\u0142owa demonstracja fermentacji warzyw: wsp\u00f3lnie przygotowujemy sfermentowan\u0105 kapust\u0119 i bomby pomidorowe, z cennymi wskaz\u00f3wkami i sztuczkami dotycz\u0105cymi udanej fermentacji.<\/li>\n<li>Inspiruj\u0105ca prezentacja na temat mikrobiomu jelitowego, uk\u0142adu odporno\u015bciowego i zdrowego od\u017cywiania.<\/li>\n<li>E-book z kompleksowymi informacjami na temat fermentacji i pysznymi przepisami na fermentacj\u0119, kt\u00f3re mo\u017cna \u0142atwo wypr\u00f3bowa\u0107 w domu.<\/li>\n<\/ul>\n<p style=\"font-weight: 400;\">Ciesz si\u0119 tym do\u015bwiadczeniem i rozwijaj swoje umiej\u0119tno\u015bci fermentacji w zaciszu w\u0142asnego domu. Z niecierpliwo\u015bci\u0105 czekamy na wsp\u00f3ln\u0105 fermentacj\u0119!<\/p>","protected":false},"featured_media":21704,"template":"","meta":{"_acf_changed":false},"product_brand":[],"product_cat":[275],"product_tag":[],"class_list":{"0":"post-11397","1":"product","2":"type-product","3":"status-publish","4":"has-post-thumbnail","6":"product_cat-workshops","8":"first","9":"instock","10":"virtual","11":"taxable","12":"purchasable","13":"product-type-simple"},"acf":[],"_links":{"self":[{"href":"https:\/\/klejman2.com\/pl\/wp-json\/wp\/v2\/product\/11397","targetHints":{"allow":["GET"]}}],"collection":[{"href":"https:\/\/klejman2.com\/pl\/wp-json\/wp\/v2\/product"}],"about":[{"href":"https:\/\/klejman2.com\/pl\/wp-json\/wp\/v2\/types\/product"}],"wp:featuredmedia":[{"embeddable":true,"href":"https:\/\/klejman2.com\/pl\/wp-json\/wp\/v2\/media\/21704"}],"wp:attachment":[{"href":"https:\/\/klejman2.com\/pl\/wp-json\/wp\/v2\/media?parent=11397"}],"wp:term":[{"taxonomy":"product_brand","embeddable":true,"href":"https:\/\/klejman2.com\/pl\/wp-json\/wp\/v2\/product_brand?post=11397"},{"taxonomy":"product_cat","embeddable":true,"href":"https:\/\/klejman2.com\/pl\/wp-json\/wp\/v2\/product_cat?post=11397"},{"taxonomy":"product_tag","embeddable":true,"href":"https:\/\/klejman2.com\/pl\/wp-json\/wp\/v2\/product_tag?post=11397"}],"curies":[{"name":"wp","href":"https:\/\/api.w.org\/{rel}","templated":true}]}}