{"id":11288,"date":"2021-02-01T11:24:59","date_gmt":"2021-02-01T10:24:59","guid":{"rendered":"https:\/\/klejman2.com\/?post_type=product&#038;p=11288"},"modified":"2026-05-05T10:46:08","modified_gmt":"2026-05-05T08:46:08","slug":"fermentatie-events","status":"publish","type":"product","link":"https:\/\/klejman2.com\/pl\/produkt\/fermentatie-events\/","title":{"rendered":"Warsztaty fermentacyjne"},"content":{"rendered":"<p style=\"font-weight: 400;\"><strong>Kiedy?<br \/><\/strong>W r\u00f3\u017cne soboty, za ka\u017cdym razem od 12:00 do 16:00. Sprawd\u017a dok\u0142adne daty za pomoc\u0105 paska wyboru.<\/p>\n<p style=\"font-weight: 400;\"><strong>Czego od ciebie oczekujemy?<br \/><\/strong>Zakasaj r\u0119kawy i stw\u00f3rz w\u0142asne przepisy na dwa warzywa, kt\u00f3re mo\u017cesz fermentowa\u0107 w domu. Przynie\u015b torb\u0119 lub karton, aby \u0142atwo przetransportowa\u0107 swoje dzie\u0142a do domu. Zapewnimy wszystkie warzywa, fartuchy kuchenne, s\u0142oiki i sprz\u0119t kuchenny.<\/p>\n<p style=\"font-weight: 400;\"><strong>Gdzie?<br \/><\/strong><br \/>Gent op 30 mei 2026 \u2013 Odeveld \u2013 Kerkstraat 22 in Zaffelare (Lochristi)<br \/>Antwerpen op 20 juni 2026 \u2013 WOLF Felix Pakhuis \u2013 Godefriduskaai 30<\/p>\n\n\n<p><\/p>","protected":false},"excerpt":{"rendered":"<p style=\"font-weight: 400;\">Marta i Joanna zabior\u0105 Ci\u0119 w fascynuj\u0105cy \u015bwiat fermentacji warzyw. Podczas warsztat\u00f3w poznasz podstawowe techniki fermentacji kwasu mlekowego. Wyja\u015bnimy i zademonstrujemy wszystko krok po kroku na nasz w\u0142asny, unikalny Klejmanowski spos\u00f3b. Wsp\u00f3lnie zabierzemy si\u0119 do pracy, aby\u015b m\u00f3g\u0142 od razu zastosowa\u0107 je w praktyce. Naszym celem jest danie ci pewno\u015bci siebie, aby\u015b m\u00f3g\u0142 bezpiecznie fermentowa\u0107 warzywa i zacz\u0105\u0107 od razu w domu.<\/p>\n<p style=\"font-weight: 400;\">Warsztaty odb\u0119d\u0105 si\u0119 w przytulnym miejscu. Zaczynamy w po\u0142udnie od pysznego lunchu w formie bufetu, uzupe\u0142nionego naszymi w\u0142asnymi fermentowanymi warzywami Klejman.<\/p>\n<p style=\"font-weight: 400;\">Po lunchu zajmiemy si\u0119 praktycznym przygotowaniem w\u0142asnych sfermentowanych warzyw. Podzielimy si\u0119 ca\u0142\u0105 nasz\u0105 wiedz\u0105 na temat fermentacji i probiotyk\u00f3w, udzielimy najlepszych wskaz\u00f3wek i sztuczek oraz zwr\u00f3cimy szczeg\u00f3ln\u0105 uwag\u0119 na bezpiecze\u0144stwo. Pod koniec dnia zabierzesz do domu domowe kimchi i probiotyczne bomby pomidorowe, a tak\u017ce zestaw dla pocz\u0105tkuj\u0105cych do robienia w\u0142asnego jogurtu kokosowego.<\/p>\n<p style=\"font-weight: 400;\">Zademonstrujemy r\u00f3wnie\u017c, jak zrobi\u0107 w\u0142asny jogurt kokosowy, zdrowe fermentowane \u017ar\u00f3d\u0142o bakterii kwasu mlekowego. Otrzymasz r\u00f3wnie\u017c wszystkie sk\u0142adniki do przygotowania w\u0142asnego jogurtu w domu.<\/p>\n<p style=\"font-weight: 400;\">Podczas warsztat\u00f3w b\u0119dzie mo\u017cna zajrze\u0107 do naszego pop-up shopu ze wszystkimi produktami Fermentista Klejman. Warsztaty potrwaj\u0105 do 4 po po\u0142udniu. Nast\u0119pnie otrzymasz e-mailem nasz e-book ze wszystkimi wyja\u015bnieniami na temat fermentacji, w tym wszystkie przepisy, kt\u00f3re wsp\u00f3lnie stworzyli\u015bmy.<\/p>\n<p><strong>Gdzie i kiedy?<\/strong> <br \/>\ud83d\udc49 Workshop in Leuven &#8211; Zaterdag 7 maart 2026 &#8211; De Optimist op de Vismarkt in Leuven<br \/>\ud83d\udc49 Workshop in Gent &#8211; Zaterdag 30 mei 2026 &#8211; Odeveld in Zaffelare (Lochristi)<br \/>\ud83d\udc49 Workshop in Antwerpen &#8211; Zaterdag 20 juni 2026 &#8211; WOLF Felix Pakhuis<\/p>\n<p><span id=\"docs-internal-guid-f695b5b5-7fff-e65d-a9d7-f0cdb5c510b9\"><\/span><\/p>","protected":false},"featured_media":15543,"template":"","meta":{"_acf_changed":false},"product_brand":[],"product_cat":[275],"product_tag":[],"class_list":{"0":"post-11288","1":"product","2":"type-product","3":"status-publish","4":"has-post-thumbnail","6":"product_cat-workshops","7":"product_shipping_class-gratis","9":"first","10":"instock","11":"taxable","12":"shipping-taxable","13":"purchasable","14":"product-type-variable"},"acf":[],"_links":{"self":[{"href":"https:\/\/klejman2.com\/pl\/wp-json\/wp\/v2\/product\/11288","targetHints":{"allow":["GET"]}}],"collection":[{"href":"https:\/\/klejman2.com\/pl\/wp-json\/wp\/v2\/product"}],"about":[{"href":"https:\/\/klejman2.com\/pl\/wp-json\/wp\/v2\/types\/product"}],"wp:featuredmedia":[{"embeddable":true,"href":"https:\/\/klejman2.com\/pl\/wp-json\/wp\/v2\/media\/15543"}],"wp:attachment":[{"href":"https:\/\/klejman2.com\/pl\/wp-json\/wp\/v2\/media?parent=11288"}],"wp:term":[{"taxonomy":"product_brand","embeddable":true,"href":"https:\/\/klejman2.com\/pl\/wp-json\/wp\/v2\/product_brand?post=11288"},{"taxonomy":"product_cat","embeddable":true,"href":"https:\/\/klejman2.com\/pl\/wp-json\/wp\/v2\/product_cat?post=11288"},{"taxonomy":"product_tag","embeddable":true,"href":"https:\/\/klejman2.com\/pl\/wp-json\/wp\/v2\/product_tag?post=11288"}],"curies":[{"name":"wp","href":"https:\/\/api.w.org\/{rel}","templated":true}]}}