{"id":24096,"date":"2025-09-11T12:10:33","date_gmt":"2025-09-11T10:10:33","guid":{"rendered":"https:\/\/klejman2.com\/?post_type=product&#038;p=24096"},"modified":"2026-05-04T12:17:55","modified_gmt":"2026-05-04T10:17:55","slug":"chou-blanc-fermente-a-lananas-grand-gobelet","status":"publish","type":"product","link":"https:\/\/klejman2.com\/fr\/product\/gefermenteerde-witte-kool-met-ananas-groot-bokaal\/","title":{"rendered":"Chou blanc ferment\u00e9 \u00e0 l'ananas grand gobelet"},"content":{"rendered":"<div class=\"\"><span class=\"OYPEnA text-decoration-none text-strikethrough-none\">Ingr\u00e9dients :<\/span>\u00a0<span class=\"OYPEnA text-decoration-none text-strikethrough-none\">Chou blanc, ananas, racine de gingembre, racine de curcuma, sel.<\/span><\/div>\n<div>Allergenen: kan sporen van mosterd bevatten<\/div>\n<div><\/div>\n<div><div class=\"wptb-container-legacy\" data-table-id=\"25050\">\n    <table class=\"wptb-preview-table wptb-element-main-table_setting-25050\" style=\"border-spacing: 3px 3px; border-collapse: collapse !important; min-width: 100%; border: 1px solid #000000; \" data-border-spacing-columns=\"3\" data-border-spacing-rows=\"3\" data-reconstraction=\"1\" data-wptb-table-directives=\"eyJpbm5lckJvcmRlcnMiOnsiYWN0aXZlIjoiYWxsIiwiYm9yZGVyV2lkdGgiOjEsImJvcmRlclJhZGl1c2VzIjp7ImFsbCI6MCwicm93IjowLCJjb2x1bW4iOjB9fX0=\" data-wptb-responsive-directives=\"eyJyZXNwb25zaXZlRW5hYmxlZCI6ZmFsc2UsInJlc3BvbnNpdmVNb2RlIjoiYXV0byIsInJlbGF0aXZlV2lkdGgiOiJ3aW5kb3ciLCJwcmVzZXJ2ZVJvd0NvbG9yIjpmYWxzZSwiaGVhZGVyRnVsbHlNZXJnZWQiOmZhbHNlLCJicmVha3BvaW50cyI6eyJkZXNrdG9wIjp7Im5hbWUiOiJkZXNrdG9wIiwid2lkdGgiOjEwMjR9LCJ0YWJsZXQiOnsibmFtZSI6InRhYmxldCIsIndpZHRoIjo3MDB9LCJtb2JpbGUiOnsibmFtZSI6Im1vYmlsZSIsIndpZHRoIjozNzV9fSwibW9kZU9wdGlvbnMiOnsiYXV0byI6eyJkaXNhYmxlZCI6eyJkZXNrdG9wIjpmYWxzZSwidGFibGV0IjpmYWxzZSwibW9iaWxlIjpmYWxzZX0sInRvcFJvd0FzSGVhZGVyIjp7ImRlc2t0b3AiOmZhbHNlLCJ0YWJsZXQiOnRydWUsIm1vYmlsZSI6dHJ1ZX0sInJlcGVhdE1lcmdlZEhlYWRlciI6eyJkZXNrdG9wIjp0cnVlLCJ0YWJsZXQiOnRydWUsIm1vYmlsZSI6dHJ1ZX0sInN0YXRpY1RvcFJvdyI6eyJkZXNrdG9wIjpmYWxzZSwidGFibGV0IjpmYWxzZSwibW9iaWxlIjpmYWxzZX0sImNlbGxTdGFja0RpcmVjdGlvbiI6eyJkZXNrdG9wIjoicm93IiwidGFibGV0Ijoicm93IiwibW9iaWxlIjoicm93In0sImNlbGxzUGVyUm93Ijp7ImRlc2t0b3AiOjEsInRhYmxldCI6MiwibW9iaWxlIjoxfX19fQ==\" data-wptb-cells-width-auto-count=\"2\" data-wptb-extra-styles=\"\" data-wptb-pro-pagination-top-row-header=\"false\" data-wptb-rows-per-page=\"10\" data-wptb-pro-search-top-row-header=\"false\" data-wptb-searchbar-position=\"left\" role=\"table\" data-table-columns=\"2\" data-wptb-table-alignment=\"center\" data-wptb-td-width-auto=\"120\" data-wptb-table-tds-sum-max-width=\"633\" ><tbody data-global-font-size=\"15\" ><tr  class=\"wptb-row\" style=\"\"><td class=\"wptb-cell\" colspan=\"1\" rowspan=\"1\" style=\"padding: 2px; width: 500px; border-width: 1px; border-color: #000000; border-style: solid; border-radius: 0px; \" data-y-index=\"0\" data-x-index=\"0\" data-wptb-css-td-auto-width=\"false\" data-wptb-css-td-auto-height=\"true\" data-wptb-cell-vertical-alignment=\"center\" ><div class=\"wptb-text-container wptb-ph-element wptb-element-text-597\" style=\"font-size: 15px; \"><div style=\"position: relative;\"><p><strong>Gemiddelde voedingswaarde \/ valeurs nutritionnelles \/ moyennes average nutritional value \/ durchschnittlicher N\u00e4hrwert<\/strong><\/p><\/div><\/div><\/td><td class=\"wptb-cell\" colspan=\"1\" rowspan=\"1\" style=\"padding: 2px; border-width: 1px; border-color: #000000; border-style: solid; border-radius: 0px; \" data-y-index=\"0\" data-x-index=\"1\" data-wptb-css-td-auto-width=\"true\" data-wptb-css-td-auto-height=\"true\" data-wptb-cell-vertical-alignment=\"center\" ><div class=\"wptb-text-container wptb-ph-element wptb-element-text-598\" style=\"font-size: 15px; \"><div style=\"position: relative;\"><p><strong>100 g<\/strong><\/p><\/div><\/div><\/td><\/tr><tr  class=\"wptb-row\" style=\"\"><td class=\"wptb-cell\" colspan=\"1\" rowspan=\"1\" style=\"padding: 2px; width: 500px; border-width: 1px; border-color: #000000; border-style: solid; border-radius: 0px; \" data-y-index=\"1\" data-x-index=\"0\" data-wptb-css-td-auto-width=\"false\" data-wptb-css-td-auto-height=\"true\" data-wptb-cell-vertical-alignment=\"center\" ><div class=\"wptb-text-container wptb-ph-element wptb-element-text-599\" style=\"font-size: 15px; \"><div style=\"position: relative;\"><p>Energie \/ \u00e9nergie \/ energy \/ Brennwert<\/p><\/div><\/div><\/td><td class=\"wptb-cell\" colspan=\"1\" rowspan=\"1\" style=\"padding: 2px; border-width: 1px; border-color: #000000; border-style: solid; border-radius: 0px; \" data-y-index=\"1\" data-x-index=\"1\" data-wptb-css-td-auto-width=\"true\" data-wptb-css-td-auto-height=\"true\" data-wptb-cell-vertical-alignment=\"center\" ><div class=\"wptb-text-container wptb-ph-element wptb-element-text-600\" style=\"font-size: 15px; \"><div style=\"position: relative;\"><p>90 kJ \/ 22 kcal<\/p><\/div><\/div><\/td><\/tr><tr  class=\"wptb-row\" style=\"\"><td class=\"wptb-cell\" colspan=\"1\" rowspan=\"1\" style=\"padding: 2px; width: 500px; border-width: 1px; border-color: #000000; border-style: solid; border-radius: 0px; \" data-y-index=\"2\" data-x-index=\"0\" data-wptb-css-td-auto-width=\"false\" data-wptb-css-td-auto-height=\"true\" data-wptb-cell-vertical-alignment=\"center\" ><div class=\"wptb-text-container wptb-ph-element wptb-element-text-601\" style=\"font-size: 15px; \"><div style=\"position: relative;\"><p>Vet \/ mati\u00e8res grasses \/ fat \/ Fett<\/p><\/div><\/div><\/td><td class=\"wptb-cell\" colspan=\"1\" rowspan=\"1\" style=\"padding: 2px; border-width: 1px; border-color: #000000; border-style: solid; border-radius: 0px; \" data-y-index=\"2\" data-x-index=\"1\" data-wptb-css-td-auto-width=\"true\" data-wptb-css-td-auto-height=\"true\" data-wptb-cell-vertical-alignment=\"center\" ><div class=\"wptb-text-container wptb-ph-element wptb-element-text-602\" style=\"font-size: 15px; \"><div style=\"position: relative;\"><p>0,4 g<\/p><\/div><\/div><\/td><\/tr><tr  class=\"wptb-row\" style=\"\"><td class=\"wptb-cell\" colspan=\"1\" rowspan=\"1\" style=\"padding: 2px; width: 500px; border-width: 1px; border-color: #000000; border-style: solid; border-radius: 0px; \" data-y-index=\"3\" data-x-index=\"0\" data-wptb-css-td-auto-width=\"false\" data-wptb-css-td-auto-height=\"true\" data-wptb-cell-vertical-alignment=\"center\" ><div class=\"wptb-text-container wptb-ph-element wptb-element-text-603\" style=\"font-size: 15px; \"><div style=\"position: relative;\"><p>waarvan verzadigd \/ dont satur\u00e9 \/ of which saturated \/ davon ges\u00e4ttigt<\/p><\/div><\/div><\/td><td class=\"wptb-cell\" colspan=\"1\" rowspan=\"1\" style=\"padding: 2px; border-width: 1px; border-color: #000000; border-style: solid; border-radius: 0px; \" data-y-index=\"3\" data-x-index=\"1\" data-wptb-css-td-auto-width=\"true\" data-wptb-css-td-auto-height=\"true\" data-wptb-cell-vertical-alignment=\"center\" ><div class=\"wptb-text-container wptb-ph-element wptb-element-text-604\" style=\"font-size: 15px; \"><div style=\"position: relative;\"><p>&lt;0,1 g<\/p><\/div><\/div><\/td><\/tr><tr  class=\"wptb-row\" style=\"\"><td class=\"wptb-cell\" colspan=\"1\" rowspan=\"1\" style=\"padding: 2px; width: 500px; border-width: 1px; border-color: #000000; border-style: solid; border-radius: 0px; \" data-y-index=\"4\" data-x-index=\"0\" data-wptb-css-td-auto-width=\"false\" data-wptb-css-td-auto-height=\"true\" data-wptb-cell-vertical-alignment=\"center\" ><div class=\"wptb-text-container wptb-ph-element wptb-element-text-605\" style=\"font-size: 15px; \"><div style=\"position: relative;\"><p>Koolhydraten \/ glucides \/ carbohydrates \/ Kohlenhydrate<\/p><\/div><\/div><\/td><td class=\"wptb-cell\" colspan=\"1\" rowspan=\"1\" style=\"padding: 2px; border-width: 1px; border-color: #000000; border-style: solid; border-radius: 0px; \" data-y-index=\"4\" data-x-index=\"1\" data-wptb-css-td-auto-width=\"true\" data-wptb-css-td-auto-height=\"true\" data-wptb-cell-vertical-alignment=\"center\" ><div class=\"wptb-text-container wptb-ph-element wptb-element-text-606\" style=\"font-size: 15px; \"><div style=\"position: relative;\"><p>2,6 g<\/p><\/div><\/div><\/td><\/tr><tr  class=\"wptb-row\" style=\"\"><td class=\"wptb-cell\" colspan=\"1\" rowspan=\"1\" style=\"padding: 2px; width: 500px; border-width: 1px; border-color: #000000; border-style: solid; border-radius: 0px; \" data-y-index=\"5\" data-x-index=\"0\" data-wptb-css-td-auto-width=\"false\" data-wptb-css-td-auto-height=\"true\" data-wptb-cell-vertical-alignment=\"center\" ><div class=\"wptb-text-container wptb-ph-element wptb-element-text-607\" style=\"font-size: 15px; \"><div style=\"position: relative;\"><p>waarvan suikers \/ dont sucres \/ of which sugars \/ davon Zucker<\/p><\/div><\/div><\/td><td class=\"wptb-cell\" colspan=\"1\" rowspan=\"1\" style=\"padding: 2px; border-width: 1px; border-color: #000000; border-style: solid; border-radius: 0px; \" data-y-index=\"5\" data-x-index=\"1\" data-wptb-css-td-auto-width=\"true\" data-wptb-css-td-auto-height=\"true\" data-wptb-cell-vertical-alignment=\"center\" ><div class=\"wptb-text-container wptb-ph-element wptb-element-text-608\" style=\"font-size: 15px; \"><div style=\"position: relative;\"><p>&lt;0,2 g<\/p><\/div><\/div><\/td><\/tr><tr  class=\"wptb-row\" style=\"\"><td class=\"wptb-cell\" colspan=\"1\" rowspan=\"1\" style=\"padding: 2px; width: 500px; border-width: 1px; border-color: #000000; border-style: solid; border-radius: 0px; \" data-y-index=\"6\" data-x-index=\"0\" data-wptb-css-td-auto-width=\"false\" data-wptb-css-td-auto-height=\"true\" data-wptb-cell-vertical-alignment=\"center\" ><div class=\"wptb-text-container wptb-ph-element wptb-element-text-609\" style=\"font-size: 15px; \"><div style=\"position: relative;\"><p>Vezels \/ fibres \/ fibre \/ Ballastoffe<\/p><\/div><\/div><\/td><td class=\"wptb-cell\" colspan=\"1\" rowspan=\"1\" style=\"padding: 2px; border-width: 1px; border-color: #000000; border-style: solid; border-radius: 0px; \" data-y-index=\"6\" data-x-index=\"1\" data-wptb-css-td-auto-width=\"true\" data-wptb-css-td-auto-height=\"true\" data-wptb-cell-vertical-alignment=\"center\" ><div class=\"wptb-text-container wptb-ph-element wptb-element-text-610\" style=\"font-size: 15px; \"><div style=\"position: relative;\"><p>1,9 g<\/p><\/div><\/div><\/td><\/tr><tr  class=\"wptb-row\" style=\"\"><td class=\"wptb-cell\" colspan=\"1\" rowspan=\"1\" style=\"padding: 2px; width: 500px; border-width: 1px; border-color: #000000; border-style: solid; border-radius: 0px; \" data-y-index=\"7\" data-x-index=\"0\" data-wptb-css-td-auto-width=\"false\" data-wptb-css-td-auto-height=\"true\" data-wptb-cell-vertical-alignment=\"center\" ><div class=\"wptb-text-container wptb-ph-element wptb-element-text-611\" style=\"font-size: 15px; \"><div style=\"position: relative;\"><p>Eiwit \/ prot\u00e9ines \/ protein \/ Eiwei\u03b2<\/p><\/div><\/div><\/td><td class=\"wptb-cell\" colspan=\"1\" rowspan=\"1\" style=\"padding: 2px; border-width: 1px; border-color: #000000; border-style: solid; border-radius: 0px; \" data-y-index=\"7\" data-x-index=\"1\" data-wptb-css-td-auto-width=\"true\" data-wptb-css-td-auto-height=\"true\" data-wptb-cell-vertical-alignment=\"center\" ><div class=\"wptb-text-container wptb-ph-element wptb-element-text-612\" style=\"font-size: 15px; \"><div style=\"position: relative;\"><p>0,9 g<\/p><\/div><\/div><\/td><\/tr><tr  class=\"wptb-row\" style=\"\"><td class=\"wptb-cell\" colspan=\"1\" rowspan=\"1\" style=\"padding: 2px; width: 500px; border-width: 1px; border-color: #000000; border-style: solid; border-radius: 0px; \" data-y-index=\"8\" data-x-index=\"0\" data-wptb-css-td-auto-width=\"false\" data-wptb-css-td-auto-height=\"true\" data-wptb-cell-vertical-alignment=\"center\" ><div class=\"wptb-text-container wptb-ph-element wptb-element-text-613\" style=\"font-size: 15px; \"><div style=\"position: relative;\"><p>Zout \/ sel \/ salt \/ Salz<\/p><\/div><\/div><\/td><td class=\"wptb-cell\" colspan=\"1\" rowspan=\"1\" style=\"padding: 2px; border-width: 1px; border-color: #000000; border-style: solid; border-radius: 0px; \" data-y-index=\"8\" data-x-index=\"1\" data-wptb-css-td-auto-width=\"true\" data-wptb-css-td-auto-height=\"true\" data-wptb-cell-vertical-alignment=\"center\" ><div class=\"wptb-text-container wptb-ph-element wptb-element-text-614\" style=\"font-size: 15px; \"><div style=\"position: relative;\"><p>1,38 g<\/p><\/div><\/div><\/td><\/tr><\/tbody><\/table>\n<\/div>\n<\/div>\n<div class=\"\">\n<div class=\"\">\n<div class=\"\">\n<p style=\"font-weight: 400;\">Een ongeopende bokaal bewaar je het best droog en koel. Na opening zet je hem in de koelkast. Bij het eerste openen kan de inhoud soms bruisen of overlopen, en dat is helemaal ok\u00e9. Dit komt door het koolstofdioxide die ontstaat tijdens de natuurlijke melkzuurfermentatie.<\/p>\n<p style=\"font-weight: 400;\">Consumeer de gefermenteerde groenten binnen 6 weken. Rijk aan vezels en niet-gepasteuriseerd. Eet dagelijks \u00e9\u00e9n eetlepel als aanvulling op een gezond eetpatroon. Met een pot van 450 g geniet je gemiddeld 10 dagen van onze gefermenteerde groenten en met een pot van 950 g ongeveer 20 dagen.<\/p>\n<\/div>\n<\/div>\n<\/div>","protected":false},"excerpt":{"rendered":"<p style=\"font-weight: 400;\"><em>Rencontre ensoleill\u00e9e entre le sucr\u00e9 et l'acide<\/em><\/p>\n<p style=\"font-weight: 400;\">Surpris par cette combinaison ?  Rassurez-vous : notre chou blanc ferment\u00e9 \u00e0 l'ananas est \u00e9galement plein de bienfaits. Cette friandise naturelle peut soutenir vos d\u00e9fenses naturelles et contribuer \u00e0 un microbiome intestinal sain.<\/p>\n<p style=\"font-weight: 400;\">La rencontre entre un parfum doux et ensoleill\u00e9 et une saveur aigre et fra\u00eeche se marie parfaitement avec n'importe quel plat, petit pain au levain, salade ou peut \u00eatre d\u00e9couverte d\u00e8s la premi\u00e8re cuiller\u00e9e. Ainsi, le chou blanc, l'ananas, la racine de gingembre et la racine de curcuma se marient \u00e0 merveille.<\/p>","protected":false},"featured_media":21685,"template":"","meta":{"_acf_changed":false},"product_brand":[],"product_cat":[73],"product_tag":[],"class_list":{"0":"post-24096","1":"product","2":"type-product","3":"status-publish","4":"has-post-thumbnail","6":"product_cat-gefermenteerde-groenten","8":"first","9":"instock","10":"sale","11":"taxable","12":"shipping-taxable","13":"purchasable","14":"product-type-simple"},"acf":[],"_links":{"self":[{"href":"https:\/\/klejman2.com\/fr\/wp-json\/wp\/v2\/product\/24096","targetHints":{"allow":["GET"]}}],"collection":[{"href":"https:\/\/klejman2.com\/fr\/wp-json\/wp\/v2\/product"}],"about":[{"href":"https:\/\/klejman2.com\/fr\/wp-json\/wp\/v2\/types\/product"}],"wp:featuredmedia":[{"embeddable":true,"href":"https:\/\/klejman2.com\/fr\/wp-json\/wp\/v2\/media\/21685"}],"wp:attachment":[{"href":"https:\/\/klejman2.com\/fr\/wp-json\/wp\/v2\/media?parent=24096"}],"wp:term":[{"taxonomy":"product_brand","embeddable":true,"href":"https:\/\/klejman2.com\/fr\/wp-json\/wp\/v2\/product_brand?post=24096"},{"taxonomy":"product_cat","embeddable":true,"href":"https:\/\/klejman2.com\/fr\/wp-json\/wp\/v2\/product_cat?post=24096"},{"taxonomy":"product_tag","embeddable":true,"href":"https:\/\/klejman2.com\/fr\/wp-json\/wp\/v2\/product_tag?post=24096"}],"curies":[{"name":"wp","href":"https:\/\/api.w.org\/{rel}","templated":true}]}}