{"id":23149,"date":"2025-05-11T20:26:31","date_gmt":"2025-05-11T18:26:31","guid":{"rendered":"https:\/\/klejman2.com\/?post_type=product&#038;p=23149"},"modified":"2026-05-04T12:23:56","modified_gmt":"2026-05-04T10:23:56","slug":"gefermenteerd-rodebietensap-met-limoen-en-citroengras","status":"publish","type":"product","link":"https:\/\/klejman2.com\/fr\/product\/gefermenteerd-rodebietensap-met-limoen-en-citroengras\/","title":{"rendered":"Jus de betterave ferment\u00e9e au citron vert et \u00e0 la citronnelle"},"content":{"rendered":"<p>Ingredi\u00ebnten: rode biet, appel, limoen, zout, citroengras, laurierblad, jeneverbessen. <br>Allergenen: kan sporen van soja, mosterd, selderij bevatten.<\/p>\n\n\n<div class=\"wp-block-wptb-table-block\"><div class=\"wptb-container-legacy\" data-table-id=\"25170\">\n    <table class=\"wptb-preview-table wptb-element-main-table_setting-25170\" style=\"border-spacing: 3px 3px; border-collapse: collapse !important; min-width: 100%; border: 1px solid #000000; \" data-border-spacing-columns=\"3\" data-border-spacing-rows=\"3\" data-reconstraction=\"1\" data-wptb-table-directives=\"eyJpbm5lckJvcmRlcnMiOnsiYWN0aXZlIjoiYWxsIiwiYm9yZGVyV2lkdGgiOjEsImJvcmRlclJhZGl1c2VzIjp7ImFsbCI6MCwicm93IjowLCJjb2x1bW4iOjB9fX0=\" data-wptb-responsive-directives=\"eyJyZXNwb25zaXZlRW5hYmxlZCI6ZmFsc2UsInJlc3BvbnNpdmVNb2RlIjoiYXV0byIsInJlbGF0aXZlV2lkdGgiOiJ3aW5kb3ciLCJwcmVzZXJ2ZVJvd0NvbG9yIjpmYWxzZSwiaGVhZGVyRnVsbHlNZXJnZWQiOmZhbHNlLCJicmVha3BvaW50cyI6eyJkZXNrdG9wIjp7Im5hbWUiOiJkZXNrdG9wIiwid2lkdGgiOjEwMjR9LCJ0YWJsZXQiOnsibmFtZSI6InRhYmxldCIsIndpZHRoIjo3MDB9LCJtb2JpbGUiOnsibmFtZSI6Im1vYmlsZSIsIndpZHRoIjozNzV9fSwibW9kZU9wdGlvbnMiOnsiYXV0byI6eyJkaXNhYmxlZCI6eyJkZXNrdG9wIjpmYWxzZSwidGFibGV0IjpmYWxzZSwibW9iaWxlIjpmYWxzZX0sInRvcFJvd0FzSGVhZGVyIjp7ImRlc2t0b3AiOmZhbHNlLCJ0YWJsZXQiOnRydWUsIm1vYmlsZSI6dHJ1ZX0sInJlcGVhdE1lcmdlZEhlYWRlciI6eyJkZXNrdG9wIjp0cnVlLCJ0YWJsZXQiOnRydWUsIm1vYmlsZSI6dHJ1ZX0sInN0YXRpY1RvcFJvdyI6eyJkZXNrdG9wIjpmYWxzZSwidGFibGV0IjpmYWxzZSwibW9iaWxlIjpmYWxzZX0sImNlbGxTdGFja0RpcmVjdGlvbiI6eyJkZXNrdG9wIjoicm93IiwidGFibGV0Ijoicm93IiwibW9iaWxlIjoicm93In0sImNlbGxzUGVyUm93Ijp7ImRlc2t0b3AiOjEsInRhYmxldCI6MiwibW9iaWxlIjoxfX19fQ==\" data-wptb-cells-width-auto-count=\"2\" data-wptb-extra-styles=\"\" data-wptb-pro-pagination-top-row-header=\"false\" data-wptb-rows-per-page=\"10\" data-wptb-pro-search-top-row-header=\"false\" data-wptb-searchbar-position=\"left\" role=\"table\" data-table-columns=\"2\" data-wptb-table-alignment=\"center\" data-wptb-td-width-auto=\"75\" data-wptb-table-tds-sum-max-width=\"588\" ><tbody data-global-font-size=\"15\" ><tr  class=\"wptb-row\" style=\"\"><td class=\"wptb-cell\" colspan=\"1\" rowspan=\"1\" style=\"padding: 2px; width: 500px; border-width: 1px; border-color: #000000; border-style: solid; border-radius: 0px; \" data-y-index=\"0\" data-x-index=\"0\" data-wptb-css-td-auto-width=\"false\" data-wptb-css-td-auto-height=\"true\" data-wptb-cell-vertical-alignment=\"center\" ><div class=\"wptb-text-container wptb-ph-element wptb-element-text-597\" style=\"font-size: 15px; \"><div style=\"position: relative;\"><p><strong>Gemiddelde voedingswaarde \/ valeurs nutritionnelles \/ moyennes average nutritional value \/ durchschnittlicher N\u00e4hrwert<\/strong><\/p><\/div><\/div><\/td><td class=\"wptb-cell\" colspan=\"1\" rowspan=\"1\" style=\"padding: 2px; border-width: 1px; border-color: #000000; border-style: solid; border-radius: 0px; \" data-y-index=\"0\" data-x-index=\"1\" data-wptb-css-td-auto-width=\"true\" data-wptb-css-td-auto-height=\"true\" data-wptb-cell-vertical-alignment=\"center\" ><div class=\"wptb-text-container wptb-ph-element wptb-element-text-598\" style=\"font-size: 15px; \"><div style=\"position: relative;\"><p><strong>100 g<\/strong><\/p><\/div><\/div><\/td><\/tr><tr  class=\"wptb-row\" style=\"\"><td class=\"wptb-cell\" colspan=\"1\" rowspan=\"1\" style=\"padding: 2px; width: 500px; border-width: 1px; border-color: #000000; border-style: solid; border-radius: 0px; \" data-y-index=\"1\" data-x-index=\"0\" data-wptb-css-td-auto-width=\"false\" data-wptb-css-td-auto-height=\"true\" data-wptb-cell-vertical-alignment=\"center\" ><div class=\"wptb-text-container wptb-ph-element wptb-element-text-599\" style=\"font-size: 15px; \"><div style=\"position: relative;\"><p>Energie \/ \u00e9nergie \/ energy \/ Brennwert<\/p><\/div><\/div><\/td><td class=\"wptb-cell\" colspan=\"1\" rowspan=\"1\" style=\"padding: 2px; border-width: 1px; border-color: #000000; border-style: solid; border-radius: 0px; \" data-y-index=\"1\" data-x-index=\"1\" data-wptb-css-td-auto-width=\"true\" data-wptb-css-td-auto-height=\"true\" data-wptb-cell-vertical-alignment=\"center\" ><div class=\"wptb-text-container wptb-ph-element wptb-element-text-600\" style=\"font-size: 15px; \"><div style=\"position: relative;\"><p>50 kJ \/ 12 kcal<\/p><\/div><\/div><\/td><\/tr><tr  class=\"wptb-row\" style=\"\"><td class=\"wptb-cell\" colspan=\"1\" rowspan=\"1\" style=\"padding: 2px; width: 500px; border-width: 1px; border-color: #000000; border-style: solid; border-radius: 0px; \" data-y-index=\"2\" data-x-index=\"0\" data-wptb-css-td-auto-width=\"false\" data-wptb-css-td-auto-height=\"true\" data-wptb-cell-vertical-alignment=\"center\" ><div class=\"wptb-text-container wptb-ph-element wptb-element-text-601\" style=\"font-size: 15px; \"><div style=\"position: relative;\"><p>Vet \/ mati\u00e8res grasses \/ fat \/ Fett<\/p><\/div><\/div><\/td><td class=\"wptb-cell\" colspan=\"1\" rowspan=\"1\" style=\"padding: 2px; border-width: 1px; border-color: #000000; border-style: solid; border-radius: 0px; \" data-y-index=\"2\" data-x-index=\"1\" data-wptb-css-td-auto-width=\"true\" data-wptb-css-td-auto-height=\"true\" data-wptb-cell-vertical-alignment=\"center\" ><div class=\"wptb-text-container wptb-ph-element wptb-element-text-602\" style=\"font-size: 15px; \"><div style=\"position: relative;\"><p>&lt;0,1 g<\/p><\/div><\/div><\/td><\/tr><tr  class=\"wptb-row\" style=\"\"><td class=\"wptb-cell\" colspan=\"1\" rowspan=\"1\" style=\"padding: 2px; width: 500px; border-width: 1px; border-color: #000000; border-style: solid; border-radius: 0px; \" data-y-index=\"3\" data-x-index=\"0\" data-wptb-css-td-auto-width=\"false\" data-wptb-css-td-auto-height=\"true\" data-wptb-cell-vertical-alignment=\"center\" ><div class=\"wptb-text-container wptb-ph-element wptb-element-text-603\" style=\"font-size: 15px; \"><div style=\"position: relative;\"><p>waarvan verzadigd \/ dont satur\u00e9 \/ of which saturated \/ davon ges\u00e4ttigt<\/p><\/div><\/div><\/td><td class=\"wptb-cell\" colspan=\"1\" rowspan=\"1\" style=\"padding: 2px; border-width: 1px; border-color: #000000; border-style: solid; border-radius: 0px; \" data-y-index=\"3\" data-x-index=\"1\" data-wptb-css-td-auto-width=\"true\" data-wptb-css-td-auto-height=\"true\" data-wptb-cell-vertical-alignment=\"center\" ><div class=\"wptb-text-container wptb-ph-element wptb-element-text-604\" style=\"font-size: 15px; \"><div style=\"position: relative;\"><p>0 g<\/p><\/div><\/div><\/td><\/tr><tr  class=\"wptb-row\" style=\"\"><td class=\"wptb-cell\" colspan=\"1\" rowspan=\"1\" style=\"padding: 2px; width: 500px; border-width: 1px; border-color: #000000; border-style: solid; border-radius: 0px; \" data-y-index=\"4\" data-x-index=\"0\" data-wptb-css-td-auto-width=\"false\" data-wptb-css-td-auto-height=\"true\" data-wptb-cell-vertical-alignment=\"center\" ><div class=\"wptb-text-container wptb-ph-element wptb-element-text-605\" style=\"font-size: 15px; \"><div style=\"position: relative;\"><p>Koolhydraten \/ glucides \/ carbohydrates \/ Kohlenhydrate<\/p><\/div><\/div><\/td><td class=\"wptb-cell\" colspan=\"1\" rowspan=\"1\" style=\"padding: 2px; border-width: 1px; border-color: #000000; border-style: solid; border-radius: 0px; \" data-y-index=\"4\" data-x-index=\"1\" data-wptb-css-td-auto-width=\"true\" data-wptb-css-td-auto-height=\"true\" data-wptb-cell-vertical-alignment=\"center\" ><div class=\"wptb-text-container wptb-ph-element wptb-element-text-606\" style=\"font-size: 15px; \"><div style=\"position: relative;\"><p>1,8 g<\/p><\/div><\/div><\/td><\/tr><tr  class=\"wptb-row\" style=\"\"><td class=\"wptb-cell\" colspan=\"1\" rowspan=\"1\" style=\"padding: 2px; width: 500px; border-width: 1px; border-color: #000000; border-style: solid; border-radius: 0px; \" data-y-index=\"5\" data-x-index=\"0\" data-wptb-css-td-auto-width=\"false\" data-wptb-css-td-auto-height=\"true\" data-wptb-cell-vertical-alignment=\"center\" ><div class=\"wptb-text-container wptb-ph-element wptb-element-text-607\" style=\"font-size: 15px; \"><div style=\"position: relative;\"><p>waarvan suikers \/ dont sucres \/ of which sugars \/ davon Zucker<\/p><\/div><\/div><\/td><td class=\"wptb-cell\" colspan=\"1\" rowspan=\"1\" style=\"padding: 2px; border-width: 1px; border-color: #000000; border-style: solid; border-radius: 0px; \" data-y-index=\"5\" data-x-index=\"1\" data-wptb-css-td-auto-width=\"true\" data-wptb-css-td-auto-height=\"true\" data-wptb-cell-vertical-alignment=\"center\" ><div class=\"wptb-text-container wptb-ph-element wptb-element-text-608\" style=\"font-size: 15px; \"><div style=\"position: relative;\"><p>0,3 g<\/p><\/div><\/div><\/td><\/tr><tr  class=\"wptb-row\" style=\"\"><td class=\"wptb-cell\" colspan=\"1\" rowspan=\"1\" style=\"padding: 2px; width: 500px; border-width: 1px; border-color: #000000; border-style: solid; border-radius: 0px; \" data-y-index=\"6\" data-x-index=\"0\" data-wptb-css-td-auto-width=\"false\" data-wptb-css-td-auto-height=\"true\" data-wptb-cell-vertical-alignment=\"center\" ><div class=\"wptb-text-container wptb-ph-element wptb-element-text-609\" style=\"font-size: 15px; \"><div style=\"position: relative;\"><p>Vezels \/ fibres \/ fibre \/ Ballastoffe<\/p><\/div><\/div><\/td><td class=\"wptb-cell\" colspan=\"1\" rowspan=\"1\" style=\"padding: 2px; border-width: 1px; border-color: #000000; border-style: solid; border-radius: 0px; \" data-y-index=\"6\" data-x-index=\"1\" data-wptb-css-td-auto-width=\"true\" data-wptb-css-td-auto-height=\"true\" data-wptb-cell-vertical-alignment=\"center\" ><div class=\"wptb-text-container wptb-ph-element wptb-element-text-610\" style=\"font-size: 15px; \"><div style=\"position: relative;\"><p>&lt;0,2 g<\/p><\/div><\/div><\/td><\/tr><tr  class=\"wptb-row\" style=\"\"><td class=\"wptb-cell\" colspan=\"1\" rowspan=\"1\" style=\"padding: 2px; width: 500px; border-width: 1px; border-color: #000000; border-style: solid; border-radius: 0px; \" data-y-index=\"7\" data-x-index=\"0\" data-wptb-css-td-auto-width=\"false\" data-wptb-css-td-auto-height=\"true\" data-wptb-cell-vertical-alignment=\"center\" ><div class=\"wptb-text-container wptb-ph-element wptb-element-text-611\" style=\"font-size: 15px; \"><div style=\"position: relative;\"><p>Eiwit \/ prot\u00e9ines \/ protein \/ Eiwei\u03b2<\/p><\/div><\/div><\/td><td class=\"wptb-cell\" colspan=\"1\" rowspan=\"1\" style=\"padding: 2px; border-width: 1px; border-color: #000000; border-style: solid; border-radius: 0px; \" data-y-index=\"7\" data-x-index=\"1\" data-wptb-css-td-auto-width=\"true\" data-wptb-css-td-auto-height=\"true\" data-wptb-cell-vertical-alignment=\"center\" ><div class=\"wptb-text-container wptb-ph-element wptb-element-text-612\" style=\"font-size: 15px; \"><div style=\"position: relative;\"><p>0,4 g<\/p><\/div><\/div><\/td><\/tr><tr  class=\"wptb-row\" style=\"\"><td class=\"wptb-cell\" colspan=\"1\" rowspan=\"1\" style=\"padding: 2px; width: 500px; border-width: 1px; border-color: #000000; border-style: solid; border-radius: 0px; \" data-y-index=\"8\" data-x-index=\"0\" data-wptb-css-td-auto-width=\"false\" data-wptb-css-td-auto-height=\"true\" data-wptb-cell-vertical-alignment=\"center\" ><div class=\"wptb-text-container wptb-ph-element wptb-element-text-613\" style=\"font-size: 15px; \"><div style=\"position: relative;\"><p>Zout \/ sel \/ salt \/ Salz<\/p><\/div><\/div><\/td><td class=\"wptb-cell\" colspan=\"1\" rowspan=\"1\" style=\"padding: 2px; border-width: 1px; border-color: #000000; border-style: solid; border-radius: 0px; \" data-y-index=\"8\" data-x-index=\"1\" data-wptb-css-td-auto-width=\"true\" data-wptb-css-td-auto-height=\"true\" data-wptb-cell-vertical-alignment=\"center\" ><div class=\"wptb-text-container wptb-ph-element wptb-element-text-614\" style=\"font-size: 15px; \"><div style=\"position: relative;\"><p>0,75 g<\/p><\/div><\/div><\/td><\/tr><\/tbody><\/table>\n<\/div>\n<\/div>\n\n\n<p><strong>Gebruikstips:<\/strong><\/p>\n\n\n\n<ul class=\"wp-block-list\">\n<li>Drink dagelijks 100 ml, gekoeld of op kamertemperatuur, voor een optimale ondersteuning van je spijsvertering en algehele gezondheid.<\/li>\n\n\n\n<li>Voeg een scheutje toe aan bruisend water voor een verfrissende mocktail.<\/li>\n\n\n\n<li>Met 1 fles geniet je ongeveer 5 dagen van je dagelijkse rodebietensap.<\/li>\n<\/ul>\n\n\n\n<p>Droog en donker bewaren. Geopend fles 14 dagen houdbaar. Liefst niet opwarmen.<br>Geniet van deze natuurlijke dorstlesser die niet alleen verfrist, maar ook bijdraagt aan je dagelijkse vitaliteit.<\/p>\n\n\n\n<p><\/p>\n\n\n\n<p><\/p>","protected":false},"excerpt":{"rendered":"<p>Ons gefermenteerd rodebietensap met limoen en citroengras is een levendige combinatie van aardse en frisse smaken, ontwikkeld om je dagelijkse welzijn te ondersteunen. Dit niet-gepasteuriseerde sap is gefermenteerd door lactofermentatie.\u00a0<\/p>\n<p data-start=\"312\" data-end=\"329\"><strong data-start=\"312\" data-end=\"329\"><!-- \/wp:paragraph --><\/p>\n<p><!-- wp:paragraph --><\/strong><\/p>\n<p>De fermentatie verhoogt de biologische beschikbaarheid van antioxidanten en bioactieve stoffen in rode biet, wat het sap tot een waardevolle aanvulling maakt op een evenwichtig voedingspatroon.<\/p>\n<p data-start=\"192\" data-end=\"310\">\u00a0<\/p>","protected":false},"featured_media":23152,"template":"","meta":{"_acf_changed":false},"product_brand":[],"product_cat":[274],"product_tag":[],"class_list":{"0":"post-23149","1":"product","2":"type-product","3":"status-publish","4":"has-post-thumbnail","6":"product_cat-gefermenteerde-dranken","8":"first","9":"instock","10":"taxable","11":"shipping-taxable","12":"purchasable","13":"product-type-simple"},"acf":[],"_links":{"self":[{"href":"https:\/\/klejman2.com\/fr\/wp-json\/wp\/v2\/product\/23149","targetHints":{"allow":["GET"]}}],"collection":[{"href":"https:\/\/klejman2.com\/fr\/wp-json\/wp\/v2\/product"}],"about":[{"href":"https:\/\/klejman2.com\/fr\/wp-json\/wp\/v2\/types\/product"}],"wp:featuredmedia":[{"embeddable":true,"href":"https:\/\/klejman2.com\/fr\/wp-json\/wp\/v2\/media\/23152"}],"wp:attachment":[{"href":"https:\/\/klejman2.com\/fr\/wp-json\/wp\/v2\/media?parent=23149"}],"wp:term":[{"taxonomy":"product_brand","embeddable":true,"href":"https:\/\/klejman2.com\/fr\/wp-json\/wp\/v2\/product_brand?post=23149"},{"taxonomy":"product_cat","embeddable":true,"href":"https:\/\/klejman2.com\/fr\/wp-json\/wp\/v2\/product_cat?post=23149"},{"taxonomy":"product_tag","embeddable":true,"href":"https:\/\/klejman2.com\/fr\/wp-json\/wp\/v2\/product_tag?post=23149"}],"curies":[{"name":"wp","href":"https:\/\/api.w.org\/{rel}","templated":true}]}}