{"id":22890,"date":"2025-04-09T13:31:12","date_gmt":"2025-04-09T11:31:12","guid":{"rendered":"https:\/\/klejman2.com\/?post_type=product&#038;p=22890"},"modified":"2026-04-22T15:10:50","modified_gmt":"2026-04-22T13:10:50","slug":"commencer-a-fermenter-fermentista-box","status":"publish","type":"product","link":"https:\/\/klejman2.com\/fr\/product\/start-met-fermenteren-fermentista-box\/","title":{"rendered":"Commencer \u00e0 fermenter - Fermentista Box avec livre"},"content":{"rendered":"<p><strong>Fermentista Box est votre kit de d\u00e9marrage complet pour commencer \u00e0 fermenter.<\/strong><\/p>\n\n\n\n<p>Vous voulez commencer \u00e0 fermenter vous-m\u00eame, mais vous ne savez pas trop quoi ni comment ? Le pr\u00e9sent guide est destin\u00e9 aux personnes qui souhaitent se lancer dans la fermentation. <em>Bo\u00eete Fermentista<\/em> est tout ce dont vous avez besoin pour d\u00e9marrer imm\u00e9diatement. Pas de probl\u00e8me, il suffit de commencer.<\/p>\n\n\n\n<p><strong>Que contient votre Fermentista Box ?<\/strong><\/p>\n\n\n\n<p>- Notre bol \u00e0 m\u00e9langer pr\u00e9f\u00e9r\u00e9 : spacieux, solide et r\u00e9sistant aux taches de curcuma. Id\u00e9al pour p\u00e9trir vos l\u00e9gumes.<br>- Une mandoline de haute qualit\u00e9 qui vous permet de couper les l\u00e9gumes tr\u00e8s rapidement et en toute s\u00e9curit\u00e9 - vos doigts restent en un seul morceau.<br>- Une marmite en verre solide : parfaite pour commencer votre fermentation en toute s\u00e9curit\u00e9 et sans souci.<br>- Et, bien s\u00fbr, le livre <em>Fermentista<\/em> - sauf si vous optez pour la bo\u00eete sans le livre.<\/p>\n\n\n\n<p>Parfait pour ceux qui veulent manger plus sainement, donner un coup de pouce \u00e0 leur flore intestinale ou simplement faire leur propre cuisine. Vous pouvez choisir de recevoir la bo\u00eete avec ou sans livre.<\/p>\n\n\n\n<p>Id\u00e9al pour offrir... ou simplement pour soi.<\/p>","protected":false},"excerpt":{"rendered":"<p><span data-tt=\"{}\">Nous avons \u00e9crit un livre. Oui. C'est donc officiel. Mais... un livre qui prend la poussi\u00e8re sur une \u00e9tag\u00e8re ? Cela ne va pas vous rendre plus sain, n'est-ce pas ? Nous avons donc imagin\u00e9 quelque chose qui vous aidera vraiment \u00e0 commencer \u00e0 fermenter.<\/span><\/p>\n<p><span data-tt=\"{}\">La Fermentista Box contient tout ce dont vous avez besoin pour commencer \u00e0 fermenter. Notre bol \u00e0 m\u00e9langer pr\u00e9f\u00e9r\u00e9 - solide, assez grand, et des taches de curcuma ? Pas de probl\u00e8me, il suffit de les enlever avec du liquide vaisselle. Plus : une mandoline fantastique, soigneusement choisie sur les recommandations de Geert (merci, Geert !), pour que couper vos l\u00e9gumes devienne un jeu d'enfant.\u00a0 <\/span><span data-tt=\"{}\">Et bien s\u00fbr : un gobelet en verre de qualit\u00e9 sup\u00e9rieure - une v\u00e9ritable jarre de Weck que vous appr\u00e9cierez pendant des ann\u00e9es. <\/span><\/p>\n<p><span data-tt=\"{}\">Avez-vous d\u00e9j\u00e0 notre livre ? En haut, choisissez la bo\u00eete sans le livre. Vous ne l'avez pas encore ? Vous pouvez alors le commander avec la bo\u00eete. <\/span><\/p>\n<p><span data-tt=\"{}\">Nous sommes TELLEMENT heureux que vous vous lanciez \u00e0 votre tour dans la fermentation. Et oui... \u00e0 partir de maintenant, nous allons vous harceler un peu jusqu'\u00e0 ce que vous commenciez. Car croyez-nous : une cuiller\u00e9e par jour peut vraiment faire la diff\u00e9rence.<\/span><\/p>","protected":false},"featured_media":22902,"template":"","meta":{"_acf_changed":false},"product_brand":[],"product_cat":[277],"product_tag":[],"class_list":{"0":"post-22890","1":"product","2":"type-product","3":"status-publish","4":"has-post-thumbnail","6":"product_cat-paketten-en-bundels","7":"product_shipping_class-gratis","9":"first","10":"instock","11":"taxable","12":"shipping-taxable","13":"purchasable","14":"product-type-simple"},"acf":[],"_links":{"self":[{"href":"https:\/\/klejman2.com\/fr\/wp-json\/wp\/v2\/product\/22890","targetHints":{"allow":["GET"]}}],"collection":[{"href":"https:\/\/klejman2.com\/fr\/wp-json\/wp\/v2\/product"}],"about":[{"href":"https:\/\/klejman2.com\/fr\/wp-json\/wp\/v2\/types\/product"}],"wp:featuredmedia":[{"embeddable":true,"href":"https:\/\/klejman2.com\/fr\/wp-json\/wp\/v2\/media\/22902"}],"wp:attachment":[{"href":"https:\/\/klejman2.com\/fr\/wp-json\/wp\/v2\/media?parent=22890"}],"wp:term":[{"taxonomy":"product_brand","embeddable":true,"href":"https:\/\/klejman2.com\/fr\/wp-json\/wp\/v2\/product_brand?post=22890"},{"taxonomy":"product_cat","embeddable":true,"href":"https:\/\/klejman2.com\/fr\/wp-json\/wp\/v2\/product_cat?post=22890"},{"taxonomy":"product_tag","embeddable":true,"href":"https:\/\/klejman2.com\/fr\/wp-json\/wp\/v2\/product_tag?post=22890"}],"curies":[{"name":"wp","href":"https:\/\/api.w.org\/{rel}","templated":true}]}}