{"id":21525,"date":"2025-01-17T15:58:20","date_gmt":"2025-01-17T14:58:20","guid":{"rendered":"https:\/\/klejman2.com\/?post_type=product&#038;p=21525"},"modified":"2026-05-07T11:46:54","modified_gmt":"2026-05-07T09:46:54","slug":"fermentista-boek","status":"publish","type":"product","link":"https:\/\/klejman2.com\/fr\/produit\/fermentista-boek\/","title":{"rendered":"Livre Fermentista"},"content":{"rendered":"<p><strong>D\u00e9tails du livre<\/strong><\/p>\n<ul>\n<li><strong>Titre<\/strong>: <em>Fermentista : Le pouvoir sain des l\u00e9gumes ferment\u00e9s<\/em><\/li>\n<li><strong>Auteurs<\/strong>: Marta Klejman & Joanna Klejman<\/li>\n<li><strong>\u00c9diteur<\/strong>: <a href=\"https:\/\/www.lannoo.be\/nl\/fermentista\">Lannoo<\/a><\/li>\n<li><strong>Date de publication<\/strong>Le 1er avril 2025, il est pr\u00e9vu qu'il s'agisse d'une date d'entr\u00e9e en vigueur.<\/li>\n<\/ul>\n\n\n<p><\/p>","protected":false},"excerpt":{"rendered":"<p>Avec <em>Fermentista<\/em> vous apprend pas \u00e0 pas \u00e0 fabriquer vos propres l\u00e9gumes ferment\u00e9s, en utilisant uniquement des ingr\u00e9dients naturels. C'est simple et accessible m\u00eame si vous n'\u00eates pas un(e) prince(s) de la cuisine. Votre corps m\u00e9rite amour et attention. Avec ce livre, vous d\u00e9couvrirez un chemin naturel vers plus d'\u00e9nergie et de sant\u00e9, tout en profitant de sensations gustatives pures. Nous, Marta et Joanna, avons personnellement fait l'exp\u00e9rience des inconv\u00e9nients de la nourriture ultra-transform\u00e9e sur notre sant\u00e9. C'est pourquoi, dans ce livre, nous redonnons vie \u00e0 des recettes traditionnelles avec une touche de modernit\u00e9 et nous vous surprenons avec des plats savoureux dans lesquels les l\u00e9gumes ferment\u00e9s volent la vedette \u00e0 chaque cr\u00e9ation.<\/p>","protected":false},"featured_media":21526,"template":"","meta":{"_acf_changed":false},"product_brand":[],"product_cat":[278],"product_tag":[],"class_list":{"0":"post-21525","1":"product","2":"type-product","3":"status-publish","4":"has-post-thumbnail","6":"product_cat-boeken","8":"first","9":"instock","10":"taxable","11":"shipping-taxable","12":"purchasable","13":"product-type-simple"},"acf":[],"_links":{"self":[{"href":"https:\/\/klejman2.com\/fr\/wp-json\/wp\/v2\/product\/21525","targetHints":{"allow":["GET"]}}],"collection":[{"href":"https:\/\/klejman2.com\/fr\/wp-json\/wp\/v2\/product"}],"about":[{"href":"https:\/\/klejman2.com\/fr\/wp-json\/wp\/v2\/types\/product"}],"wp:featuredmedia":[{"embeddable":true,"href":"https:\/\/klejman2.com\/fr\/wp-json\/wp\/v2\/media\/21526"}],"wp:attachment":[{"href":"https:\/\/klejman2.com\/fr\/wp-json\/wp\/v2\/media?parent=21525"}],"wp:term":[{"taxonomy":"product_brand","embeddable":true,"href":"https:\/\/klejman2.com\/fr\/wp-json\/wp\/v2\/product_brand?post=21525"},{"taxonomy":"product_cat","embeddable":true,"href":"https:\/\/klejman2.com\/fr\/wp-json\/wp\/v2\/product_cat?post=21525"},{"taxonomy":"product_tag","embeddable":true,"href":"https:\/\/klejman2.com\/fr\/wp-json\/wp\/v2\/product_tag?post=21525"}],"curies":[{"name":"wp","href":"https:\/\/api.w.org\/{rel}","templated":true}]}}