{"id":16954,"date":"2023-12-14T10:57:28","date_gmt":"2023-12-14T09:57:28","guid":{"rendered":"https:\/\/klejman2.com\/?post_type=product&#038;p=16954"},"modified":"2026-05-08T20:48:25","modified_gmt":"2026-05-08T18:48:25","slug":"kennismakingspakket-nederland","status":"publish","type":"product","link":"https:\/\/klejman2.com\/fr\/produit\/kennismakingspakket-nederland\/","title":{"rendered":"Kennismakingspakket Nederland"},"content":{"rendered":"<p><span style=\"font-weight: 400;\"><strong>TOP TEAM<\/strong><\/span><\/p>\n<p>Ontdek het beste van gefermenteerde, rauwe voeding met ons kennismakingspakket!<\/p>\n<p>Onze bokalen gevuld met rode gefermenteerde kool, gefermenteerde witte kool met ananas, smakelijke kimchi en gefermenteerde rode biet met wortelen en appelen zitten boordevol gezonde melkzuurbacteri\u00ebn. Als een team van microscopische superhelden optimaliseren ze je gezondheid en versterken ze je immuniteit. Ze herstellen de balans van micro-organismen in je buik en remmen schadelijke bacteri\u00ebn. Deze gezonde microben hebben niet alleen invloed op je fysieke gezondheid, maar ook op je mentale welzijn. Ze produceren neurotransmitters en gelukshormonen in je darmen. Profiteer van deze symbiotische superfoods om je darmmicrobioom te optimaliseren.<\/p>\n<p style=\"font-weight: 400;\">Inhoud van Kennismakingspakket:<\/p>\n<ul>\n<li>Kimchi \u2013 450 g<\/li>\n<li>Gefermenteerde rode kool \u2013 450 g<\/li>\n<li>Gefermenteerde witte kool met ananas \u2013 450 g<\/li>\n<li>Gefermenteerde rode biet \u2013 450 g<\/li>\n<li>Sac en jute - 30 * 30 * 19 cm<\/li>\n<\/ul>\n<p style=\"font-weight: 400;\">Une carafe non ouverte doit \u00eatre conserv\u00e9e au sec et au frais. Apr\u00e8s ouverture, mettez-la au r\u00e9frig\u00e9rateur. Lors de l'ouverture, le contenu peut parfois p\u00e9tiller ou d\u00e9border, ce qui est tout \u00e0 fait normal. Ce ph\u00e9nom\u00e8ne est d\u00fb au dioxyde de carbone cr\u00e9\u00e9 lors de la fermentation naturelle.<\/p>\n<p style=\"font-weight: 400;\">Consumeer de gefermenteerde groenten binnen 6 weken. Rijk aan vezels en niet-gepasteuriseerd. Eet dagelijks \u00e9\u00e9n eetlepel als aanvulling op een gezond eetpatroon.<\/p>\n\n\n<p><\/p>","protected":false},"excerpt":{"rendered":"<p><em>Ontdek het beste van gefermenteerde, rauwe groenten met ons kennismakingspakket!\u00a0<\/em><\/p>\n<p>Wat zit er in dit pakket? Een heerlijke selectie van onze klassiekers: een kleine pot Kimchi, rode Gefermenteerde kool, Witte Gefermenteerde kool met ananas en Gefermenteerde rode biet met wortelen en appel. Je ontvangt dit pakket in een luxe jute zak. Het is ook een geweldig cadeau voor jou en je geliefden.<br \/>\nDeze onweerstaanbare gefermenteerde lekkernijen moet je zeker proeven.<\/p>\n<p>Onze gefermenteerde groenten zijn een geweldige bron van vezels, de perfecte aanvulling op een gezond voedingspatroon. Ze zitten boordevol gezonde melkzuurbacteri\u00ebn, die de balans in je darmmicrobioom kunnen verbeteren en je natuurlijke weerstand ondersteunen.<\/p>\n<p>Voor verzending naar Nederland geldt een vast verzendtarief van \u20ac10. Voor bestellingen van maximaal vier items wordt \u20ac10 in rekening gebracht. Bij meer dan vier producten wordt een extra doos toegevoegd, en elke extra doos kost \u20ac10.<\/p>\n<p>&nbsp;<\/p>","protected":false},"featured_media":21682,"template":"","meta":{"_acf_changed":false},"product_brand":[],"product_cat":[277],"product_tag":[],"class_list":{"0":"post-16954","1":"product","2":"type-product","3":"status-publish","4":"has-post-thumbnail","6":"product_cat-paketten-en-bundels","8":"first","9":"instock","10":"taxable","11":"shipping-taxable","12":"product-type-simple"},"acf":[],"_links":{"self":[{"href":"https:\/\/klejman2.com\/fr\/wp-json\/wp\/v2\/product\/16954","targetHints":{"allow":["GET"]}}],"collection":[{"href":"https:\/\/klejman2.com\/fr\/wp-json\/wp\/v2\/product"}],"about":[{"href":"https:\/\/klejman2.com\/fr\/wp-json\/wp\/v2\/types\/product"}],"wp:featuredmedia":[{"embeddable":true,"href":"https:\/\/klejman2.com\/fr\/wp-json\/wp\/v2\/media\/21682"}],"wp:attachment":[{"href":"https:\/\/klejman2.com\/fr\/wp-json\/wp\/v2\/media?parent=16954"}],"wp:term":[{"taxonomy":"product_brand","embeddable":true,"href":"https:\/\/klejman2.com\/fr\/wp-json\/wp\/v2\/product_brand?post=16954"},{"taxonomy":"product_cat","embeddable":true,"href":"https:\/\/klejman2.com\/fr\/wp-json\/wp\/v2\/product_cat?post=16954"},{"taxonomy":"product_tag","embeddable":true,"href":"https:\/\/klejman2.com\/fr\/wp-json\/wp\/v2\/product_tag?post=16954"}],"curies":[{"name":"wp","href":"https:\/\/api.w.org\/{rel}","templated":true}]}}