{"id":13347,"date":"2022-09-21T15:43:14","date_gmt":"2022-09-21T13:43:14","guid":{"rendered":"https:\/\/klejman2.com\/?post_type=product&#038;p=13347"},"modified":"2026-04-22T15:14:08","modified_gmt":"2026-04-22T13:14:08","slug":"kokosyoghurt-beginnerskit","status":"publish","type":"product","link":"https:\/\/klejman2.com\/fr\/produit\/kokosyoghurt-beginnerskit\/","title":{"rendered":"Kit de d\u00e9marrage pour yaourt \u00e0 la noix de coco"},"content":{"rendered":"<p style=\"font-weight: 400;\">Contenu du kit de d\u00e9marrage pour yaourt \u00e0 la noix de coco :<\/p>\n<ul>\n<li>Lien vers la vid\u00e9o p\u00e9dagogique \u2018How to make my own coconut yoghurt at home\u2019 et vers la recette \u00e9crite du yaourt \u00e0 la noix de coco.<\/li>\n<li>Bocal en verre<\/li>\n<li>Cr\u00e8me de coco biologique<\/li>\n<li>D\u00e9marrage Natali<\/li>\n<li>Sac en jute - 30 * 30 * 19 cm<\/li>\n<\/ul>","protected":false},"excerpt":{"rendered":"<p style=\"font-weight: 400;\">D\u00e9couvrez notre kit d'initiation \u00e0 la fabrication de yaourt frais \u00e0 la noix de coco.<\/p>\n<p style=\"font-weight: 400;\">Saviez-vous que le yaourt est \u00e9galement un aliment ferment\u00e9 ? Rempli de bact\u00e9ries lactiques vivantes, le yaourt \u00e0 la noix de coco est une excellente source de probiotiques qui contribue \u00e0 soutenir votre microbiome intestinal. Il s'int\u00e8gre parfaitement dans un r\u00e9gime alimentaire \u00e9quilibr\u00e9.<\/p>\n<p style=\"font-weight: 400;\">Ce produit l\u00e9g\u00e8rement ferment\u00e9 est id\u00e9al pour les personnes qui ne sont pas encore habitu\u00e9es aux aliments ferment\u00e9s. Il est \u00e9galement recommand\u00e9 aux personnes souffrant de probl\u00e8mes digestifs, qui sont souvent le signe d'un d\u00e9s\u00e9quilibre du microbiome intestinal.<\/p>\n<p style=\"font-weight: 400;\">Avec notre kit de d\u00e9marrage, vous apprendrez \u00e0 fabriquer facilement votre propre yaourt \u00e0 la noix de coco et nous vous enverrons tout ce dont vous avez besoin pour commencer.<\/p>\n<p style=\"font-weight: 400;\"><strong>Contenu du kit de d\u00e9marrage pour yaourt \u00e0 la noix de coco :<\/strong><\/p>\n<ul>\n<li>Courriel avec un lien vers la vid\u00e9o d'instruction \u2018Comment faire mon propre yaourt \u00e0 la noix de coco \u00e0 la maison\u2019 et la recette \u00e9crite.<\/li>\n<li>Belle jarre en verre<\/li>\n<li>Cr\u00e8me de coco biologique<\/li>\n<li>Fermentation biologique Natali : ferments lyophilis\u00e9s <em>Lactobacillus delbrueckii subsp. bulgaricus<\/em>, <em>Streptococcus thermophilus<\/em><\/li>\n<li>Sac de luxe en toile de jute \u00e0 offrir<\/li>\n<\/ul>\n<p style=\"font-weight: 400;\">Commencez d\u00e8s aujourd'hui \u00e0 pr\u00e9parer votre d\u00e9licieux yaourt \u00e0 la noix de coco.<\/p>","protected":false},"featured_media":21694,"template":"","meta":{"_acf_changed":false},"product_brand":[],"product_cat":[277,275],"product_tag":[],"class_list":{"0":"post-13347","1":"product","2":"type-product","3":"status-publish","4":"has-post-thumbnail","6":"product_cat-paketten-en-bundels","7":"product_cat-workshops","9":"first","10":"instock","11":"taxable","12":"shipping-taxable","13":"purchasable","14":"product-type-simple"},"acf":[],"_links":{"self":[{"href":"https:\/\/klejman2.com\/fr\/wp-json\/wp\/v2\/product\/13347","targetHints":{"allow":["GET"]}}],"collection":[{"href":"https:\/\/klejman2.com\/fr\/wp-json\/wp\/v2\/product"}],"about":[{"href":"https:\/\/klejman2.com\/fr\/wp-json\/wp\/v2\/types\/product"}],"wp:featuredmedia":[{"embeddable":true,"href":"https:\/\/klejman2.com\/fr\/wp-json\/wp\/v2\/media\/21694"}],"wp:attachment":[{"href":"https:\/\/klejman2.com\/fr\/wp-json\/wp\/v2\/media?parent=13347"}],"wp:term":[{"taxonomy":"product_brand","embeddable":true,"href":"https:\/\/klejman2.com\/fr\/wp-json\/wp\/v2\/product_brand?post=13347"},{"taxonomy":"product_cat","embeddable":true,"href":"https:\/\/klejman2.com\/fr\/wp-json\/wp\/v2\/product_cat?post=13347"},{"taxonomy":"product_tag","embeddable":true,"href":"https:\/\/klejman2.com\/fr\/wp-json\/wp\/v2\/product_tag?post=13347"}],"curies":[{"name":"wp","href":"https:\/\/api.w.org\/{rel}","templated":true}]}}