{"id":11397,"date":"2021-04-14T17:53:23","date_gmt":"2021-04-14T15:53:23","guid":{"rendered":"https:\/\/klejman2.com\/?post_type=product&#038;p=11397"},"modified":"2026-04-22T15:16:50","modified_gmt":"2026-04-22T13:16:50","slug":"workshop-fermenteren-online-cursus","status":"publish","type":"product","link":"https:\/\/klejman2.com\/fr\/produit\/workshop-fermenteren-online-cursus\/","title":{"rendered":"Cours en ligne sur les ateliers de fermentation"},"content":{"rendered":"<p style=\"font-weight: 400;\"><strong>Quand ?<br \/>\n<\/strong>A votre convenance. Apr\u00e8s l'achat, vous recevrez un e-mail avec toutes les instructions pour suivre l'atelier. Vous cr\u00e9ez un compte et vous pouvez suivre l'atelier \u00e0 votre rythme. Votre compte restera actif ind\u00e9finiment.<\/p>\n<p style=\"font-weight: 400;\"><strong>O\u00f9 ?<br \/>\n<\/strong>A la maison.<\/p>\n<p style=\"font-weight: 400;\">Remarque : ce compte est individuel et son contenu est prot\u00e9g\u00e9 par des droits d'auteur. Vous n'\u00eates pas autoris\u00e9 \u00e0 partager votre compte ou son contenu avec des tiers ou \u00e0 l'afficher dans des groupes.<\/p>","protected":false},"excerpt":{"rendered":"<p style=\"font-weight: 400;\">D\u00e9couvrez les techniques essentielles de la fermentation dans ce cours en ligne captivant. Une fois que vous avez cr\u00e9\u00e9 un compte personnel, vous b\u00e9n\u00e9ficiez d'un acc\u00e8s instantan\u00e9 et illimit\u00e9 aux enregistrements vid\u00e9o de l'atelier. Vous pouvez commencer \u00e0 tout moment et apprendre \u00e0 votre rythme.<\/p>\n<p style=\"font-weight: 400;\">La fermentation des l\u00e9gumes est un processus naturel et particuli\u00e8rement passionnant au cours duquel les hydrates de carbone sont transform\u00e9s en acide lactique par des bact\u00e9ries. Ce processus invisible et fascinant donne naissance \u00e0 des produits d\u00e9licieux, riches en probiotiques et en fibres. Une fois le couvercle ferm\u00e9, les bact\u00e9ries lactiques se mettent au travail. Votre t\u00e2che consiste \u00e0 cr\u00e9er les conditions les plus favorables \u00e0 ce processus, et nous vous aidons \u00e0 le faire.<\/p>\n<p style=\"font-weight: 400;\"><strong>Que pouvez-vous attendre de l'atelier en ligne sur la fermentation ?<\/strong><\/p>\n<ul style=\"font-weight: 400;\">\n<li>Une d\u00e9monstration d\u00e9taill\u00e9e de la fermentation des l\u00e9gumes : ensemble, nous fabriquons des bombes de chou et de tomates ferment\u00e9es, avec de pr\u00e9cieux conseils et astuces pour une fermentation r\u00e9ussie.<\/li>\n<li>Une pr\u00e9sentation inspirante sur le microbiome intestinal, le syst\u00e8me immunitaire et l'alimentation saine.<\/li>\n<li>Un livre \u00e9lectronique contenant des informations compl\u00e8tes sur la fermentation et de d\u00e9licieuses recettes de fermentation que vous pouvez facilement essayer \u00e0 la maison.<\/li>\n<\/ul>\n<p style=\"font-weight: 400;\">Profitez de cette exp\u00e9rience d'apprentissage et d\u00e9veloppez vos comp\u00e9tences en mati\u00e8re de fermentation dans le confort de votre maison. Nous sommes impatients de fermenter avec vous !<\/p>","protected":false},"featured_media":21704,"template":"","meta":{"_acf_changed":false},"product_brand":[],"product_cat":[275],"product_tag":[],"class_list":{"0":"post-11397","1":"product","2":"type-product","3":"status-publish","4":"has-post-thumbnail","6":"product_cat-workshops","8":"first","9":"instock","10":"virtual","11":"taxable","12":"purchasable","13":"product-type-simple"},"acf":[],"_links":{"self":[{"href":"https:\/\/klejman2.com\/fr\/wp-json\/wp\/v2\/product\/11397","targetHints":{"allow":["GET"]}}],"collection":[{"href":"https:\/\/klejman2.com\/fr\/wp-json\/wp\/v2\/product"}],"about":[{"href":"https:\/\/klejman2.com\/fr\/wp-json\/wp\/v2\/types\/product"}],"wp:featuredmedia":[{"embeddable":true,"href":"https:\/\/klejman2.com\/fr\/wp-json\/wp\/v2\/media\/21704"}],"wp:attachment":[{"href":"https:\/\/klejman2.com\/fr\/wp-json\/wp\/v2\/media?parent=11397"}],"wp:term":[{"taxonomy":"product_brand","embeddable":true,"href":"https:\/\/klejman2.com\/fr\/wp-json\/wp\/v2\/product_brand?post=11397"},{"taxonomy":"product_cat","embeddable":true,"href":"https:\/\/klejman2.com\/fr\/wp-json\/wp\/v2\/product_cat?post=11397"},{"taxonomy":"product_tag","embeddable":true,"href":"https:\/\/klejman2.com\/fr\/wp-json\/wp\/v2\/product_tag?post=11397"}],"curies":[{"name":"wp","href":"https:\/\/api.w.org\/{rel}","templated":true}]}}