{"id":1004,"date":"2020-10-09T13:39:05","date_gmt":"2020-10-09T13:39:05","guid":{"rendered":"http:\/\/shoptimizer.local\/?page_id=848"},"modified":"2025-09-04T08:24:41","modified_gmt":"2025-09-04T06:24:41","slug":"beleef-leer","status":"publish","type":"page","link":"https:\/\/klejman2.com\/fr\/beleef-leer\/","title":{"rendered":"Beleef &#038; leer"},"content":{"rendered":"<div data-elementor-type=\"wp-post\" data-elementor-id=\"1004\" class=\"elementor elementor-1004\" data-elementor-post-type=\"page\">\n\t\t\t\t\t\t<section class=\"elementor-section elementor-top-section elementor-element elementor-element-38c3380 elementor-section-height-min-height elementor-section-stretched elementor-section-boxed elementor-section-height-default elementor-section-items-middle\" data-id=\"38c3380\" data-element_type=\"section\" data-e-type=\"section\" data-settings=\"{&quot;stretch_section&quot;:&quot;section-stretched&quot;,&quot;background_background&quot;:&quot;classic&quot;}\">\n\t\t\t\t\t\t<div class=\"elementor-container elementor-column-gap-extended\">\n\t\t\t\t\t<div class=\"elementor-column elementor-col-100 elementor-top-column elementor-element elementor-element-f916901\" data-id=\"f916901\" data-element_type=\"column\" data-e-type=\"column\">\n\t\t\t<div class=\"elementor-widget-wrap\">\n\t\t\t\t\t\t\t<\/div>\n\t\t<\/div>\n\t\t\t\t\t<\/div>\n\t\t<\/section>\n\t\t\t\t<section class=\"elementor-section elementor-top-section elementor-element elementor-element-7b51aeb elementor-section-boxed elementor-section-height-default elementor-section-height-default\" data-id=\"7b51aeb\" data-element_type=\"section\" data-e-type=\"section\">\n\t\t\t\t\t\t<div class=\"elementor-container elementor-column-gap-default\">\n\t\t\t\t\t<div class=\"elementor-column elementor-col-100 elementor-top-column elementor-element elementor-element-60e7eba\" data-id=\"60e7eba\" data-element_type=\"column\" data-e-type=\"column\">\n\t\t\t<div class=\"elementor-widget-wrap elementor-element-populated\">\n\t\t\t\t\t\t<div class=\"elementor-element elementor-element-f97861c title-left elementor-widget elementor-widget-heading\" data-id=\"f97861c\" data-element_type=\"widget\" data-e-type=\"widget\" data-widget_type=\"heading.default\">\n\t\t\t\t<div class=\"elementor-widget-container\">\n\t\t\t\t\t<h1 class=\"elementor-heading-title elementor-size-default\">Beleef & leer<\/h1>\t\t\t\t<\/div>\n\t\t\t\t<\/div>\n\t\t\t\t<div class=\"elementor-element elementor-element-740daea elementor-widget elementor-widget-text-editor\" data-id=\"740daea\" data-element_type=\"widget\" data-e-type=\"widget\" data-widget_type=\"text-editor.default\">\n\t\t\t\t<div class=\"elementor-widget-container\">\n\t\t\t\t\t\t\t\t\t<p>Welkom bij Beleef & Leer, jouw kennisplek voor alles wat te maken heeft met fermentatie, darmgezondheid en algemeen welzijn, zowel fysiek als mentaal. Hier bundelen we onze expertise als gezondheidscoaches en di\u00ebtisten om je te inspireren en te begeleiden naar een gezonder leven. Met Beleef & Leer krijg je toegang tot praktische tips, wetenschappelijke inzichten en inspirerende verhalen voor een gezond, evenwichtig leven.<\/p>\t\t\t\t\t\t\t\t<\/div>\n\t\t\t\t<\/div>\n\t\t\t\t\t<\/div>\n\t\t<\/div>\n\t\t\t\t\t<\/div>\n\t\t<\/section>\n\t\t\t\t<section class=\"elementor-section elementor-top-section elementor-element elementor-element-a79e32b elementor-section-boxed elementor-section-height-default elementor-section-height-default\" data-id=\"a79e32b\" data-element_type=\"section\" data-e-type=\"section\">\n\t\t\t\t\t\t<div class=\"elementor-container elementor-column-gap-default\">\n\t\t\t\t\t<div class=\"elementor-column elementor-col-33 elementor-top-column elementor-element elementor-element-2626a7c\" data-id=\"2626a7c\" data-element_type=\"column\" data-e-type=\"column\">\n\t\t\t<div class=\"elementor-widget-wrap elementor-element-populated\">\n\t\t\t\t\t\t<div class=\"elementor-element elementor-element-1e2bbf8 elementor-widget elementor-widget-image\" data-id=\"1e2bbf8\" data-element_type=\"widget\" data-e-type=\"widget\" data-widget_type=\"image.default\">\n\t\t\t\t<div class=\"elementor-widget-container\">\n\t\t\t\t\t\t\t\t\t\t\t\t\t\t\t\t<a href=\"https:\/\/klejman2.com\/fr\/faq\/\">\n\t\t\t\t\t\t\t<img fetchpriority=\"high\" decoding=\"async\" width=\"1024\" height=\"1024\" src=\"https:\/\/klejman2.com\/wp-content\/uploads\/2024\/10\/PODCAST-1-1024x1024.jpg\" class=\"attachment-large size-large wp-image-20235\" alt=\"Veelgestelde vragen\" srcset=\"https:\/\/klejman2.com\/wp-content\/uploads\/2024\/10\/PODCAST-1-1024x1024.jpg 1024w, https:\/\/klejman2.com\/wp-content\/uploads\/2024\/10\/PODCAST-1-300x300.jpg 300w, https:\/\/klejman2.com\/wp-content\/uploads\/2024\/10\/PODCAST-1-150x150.jpg 150w, https:\/\/klejman2.com\/wp-content\/uploads\/2024\/10\/PODCAST-1-768x768.jpg 768w, https:\/\/klejman2.com\/wp-content\/uploads\/2024\/10\/PODCAST-1-1536x1536.jpg 1536w, https:\/\/klejman2.com\/wp-content\/uploads\/2024\/10\/PODCAST-1-2048x2048.jpg 2048w, https:\/\/klejman2.com\/wp-content\/uploads\/2024\/10\/PODCAST-1-990x990.jpg 990w, https:\/\/klejman2.com\/wp-content\/uploads\/2024\/10\/PODCAST-1-441x441.jpg 441w, https:\/\/klejman2.com\/wp-content\/uploads\/2024\/10\/PODCAST-1-100x100.jpg 100w, https:\/\/klejman2.com\/wp-content\/uploads\/2024\/10\/PODCAST-1-800x800.jpg 800w\" sizes=\"(max-width: 360px) 147px, (max-width: 1024px) 100vw, 1024px\" \/>\t\t\t\t\t\t\t\t<\/a>\n\t\t\t\t\t\t\t\t\t\t\t\t\t\t\t<\/div>\n\t\t\t\t<\/div>\n\t\t\t\t<div class=\"elementor-element elementor-element-64ab198 elementor-widget elementor-widget-heading\" data-id=\"64ab198\" data-element_type=\"widget\" data-e-type=\"widget\" data-widget_type=\"heading.default\">\n\t\t\t\t<div class=\"elementor-widget-container\">\n\t\t\t\t\t<h2 class=\"elementor-heading-title elementor-size-default\"><a href=\"https:\/\/klejman2.com\/fr\/faq\/\">FAQ<\/a><\/h2>\t\t\t\t<\/div>\n\t\t\t\t<\/div>\n\t\t\t\t<div class=\"elementor-element elementor-element-74ea681 elementor-widget elementor-widget-heading\" data-id=\"74ea681\" data-element_type=\"widget\" data-e-type=\"widget\" data-widget_type=\"heading.default\">\n\t\t\t\t<div class=\"elementor-widget-container\">\n\t\t\t\t\t<h5 class=\"elementor-heading-title elementor-size-default\"><a href=\"https:\/\/klejman2.com\/fr\/faq\/\">Dans la FAQ, nous nous concentrons principalement sur la fermentation des l\u00e9gumes et fournissons des informations d\u00e9taill\u00e9es sur les produits Klejman.<\/a><\/h5>\t\t\t\t<\/div>\n\t\t\t\t<\/div>\n\t\t\t\t<div class=\"elementor-element elementor-element-64e66cf elementor-align-center elementor-widget elementor-widget-button\" data-id=\"64e66cf\" data-element_type=\"widget\" data-e-type=\"widget\" data-widget_type=\"button.default\">\n\t\t\t\t<div class=\"elementor-widget-container\">\n\t\t\t\t\t\t\t\t\t<div class=\"elementor-button-wrapper\">\n\t\t\t\t\t<a class=\"elementor-button elementor-button-link elementor-size-sm\" href=\"https:\/\/klejman2.com\/fr\/faq\/\">\n\t\t\t\t\t\t<span class=\"elementor-button-content-wrapper\">\n\t\t\t\t\t\t\t\t\t<span class=\"elementor-button-text\">Trouver des r\u00e9ponses<\/span>\n\t\t\t\t\t<\/span>\n\t\t\t\t\t<\/a>\n\t\t\t\t<\/div>\n\t\t\t\t\t\t\t\t<\/div>\n\t\t\t\t<\/div>\n\t\t\t\t\t<\/div>\n\t\t<\/div>\n\t\t\t\t<div class=\"elementor-column elementor-col-33 elementor-top-column elementor-element elementor-element-be63ddf\" data-id=\"be63ddf\" data-element_type=\"column\" data-e-type=\"column\">\n\t\t\t<div class=\"elementor-widget-wrap elementor-element-populated\">\n\t\t\t\t\t\t<div class=\"elementor-element elementor-element-9af08e2 elementor-widget elementor-widget-image\" data-id=\"9af08e2\" data-element_type=\"widget\" data-e-type=\"widget\" data-widget_type=\"image.default\">\n\t\t\t\t<div class=\"elementor-widget-container\">\n\t\t\t\t\t\t\t\t\t\t\t\t\t\t\t\t<a href=\"https:\/\/klejman2.com\/fr\/blog-2\/\">\n\t\t\t\t\t\t\t<img decoding=\"async\" width=\"1024\" height=\"1024\" src=\"https:\/\/klejman2.com\/wp-content\/uploads\/2021\/12\/Untitled-design-2-1024x1024.jpg\" class=\"attachment-large size-large wp-image-13126\" alt=\"darmmicrobioom\" srcset=\"https:\/\/klejman2.com\/wp-content\/uploads\/2021\/12\/Untitled-design-2-1024x1024.jpg 1024w, https:\/\/klejman2.com\/wp-content\/uploads\/2021\/12\/Untitled-design-2-300x300.jpg 300w, https:\/\/klejman2.com\/wp-content\/uploads\/2021\/12\/Untitled-design-2-150x150.jpg 150w, https:\/\/klejman2.com\/wp-content\/uploads\/2021\/12\/Untitled-design-2-800x800.jpg 800w, https:\/\/klejman2.com\/wp-content\/uploads\/2021\/12\/Untitled-design-2-768x768.jpg 768w, https:\/\/klejman2.com\/wp-content\/uploads\/2021\/12\/Untitled-design-2-66x66.jpg 66w, https:\/\/klejman2.com\/wp-content\/uploads\/2021\/12\/Untitled-design-2-200x200.jpg 200w, https:\/\/klejman2.com\/wp-content\/uploads\/2021\/12\/Untitled-design-2-400x400.jpg 400w, https:\/\/klejman2.com\/wp-content\/uploads\/2021\/12\/Untitled-design-2-600x600.jpg 600w, https:\/\/klejman2.com\/wp-content\/uploads\/2021\/12\/Untitled-design-2-100x100.jpg 100w, https:\/\/klejman2.com\/wp-content\/uploads\/2021\/12\/Untitled-design-2.jpg 1080w\" sizes=\"(max-width: 360px) 147px, (max-width: 1024px) 100vw, 1024px\" \/>\t\t\t\t\t\t\t\t<\/a>\n\t\t\t\t\t\t\t\t\t\t\t\t\t\t\t<\/div>\n\t\t\t\t<\/div>\n\t\t\t\t<div class=\"elementor-element elementor-element-664a11a elementor-widget elementor-widget-heading\" data-id=\"664a11a\" data-element_type=\"widget\" data-e-type=\"widget\" data-widget_type=\"heading.default\">\n\t\t\t\t<div class=\"elementor-widget-container\">\n\t\t\t\t\t<h2 class=\"elementor-heading-title elementor-size-default\"><a href=\"https:\/\/klejman2.com\/fr\/blog-2\/\">BLOG<\/a><\/h2>\t\t\t\t<\/div>\n\t\t\t\t<\/div>\n\t\t\t\t<div class=\"elementor-element elementor-element-d92f6b5 elementor-widget elementor-widget-heading\" data-id=\"d92f6b5\" data-element_type=\"widget\" data-e-type=\"widget\" data-widget_type=\"heading.default\">\n\t\t\t\t<div class=\"elementor-widget-container\">\n\t\t\t\t\t<h5 class=\"elementor-heading-title elementor-size-default\"><a href=\"https:\/\/klejman2.com\/fr\/blog-2\/\">Notre blog offre une vision plus large : vous n'y trouverez pas seulement des articles sur la fermentation, mais aussi toutes sortes de faits, de conseils et d'inspiration pour un mode de vie sain.<\/a><\/h5>\t\t\t\t<\/div>\n\t\t\t\t<\/div>\n\t\t\t\t<div class=\"elementor-element elementor-element-c1e0e06 elementor-align-center elementor-widget elementor-widget-button\" data-id=\"c1e0e06\" data-element_type=\"widget\" data-e-type=\"widget\" data-widget_type=\"button.default\">\n\t\t\t\t<div class=\"elementor-widget-container\">\n\t\t\t\t\t\t\t\t\t<div class=\"elementor-button-wrapper\">\n\t\t\t\t\t<a class=\"elementor-button elementor-button-link elementor-size-sm\" href=\"https:\/\/klejman2.com\/fr\/fermentistas-blog\/\">\n\t\t\t\t\t\t<span class=\"elementor-button-content-wrapper\">\n\t\t\t\t\t\t\t\t\t<span class=\"elementor-button-text\">En savoir plus<\/span>\n\t\t\t\t\t<\/span>\n\t\t\t\t\t<\/a>\n\t\t\t\t<\/div>\n\t\t\t\t\t\t\t\t<\/div>\n\t\t\t\t<\/div>\n\t\t\t\t\t<\/div>\n\t\t<\/div>\n\t\t\t\t<div class=\"elementor-column elementor-col-33 elementor-top-column elementor-element elementor-element-11fb985\" data-id=\"11fb985\" data-element_type=\"column\" data-e-type=\"column\">\n\t\t\t<div class=\"elementor-widget-wrap elementor-element-populated\">\n\t\t\t\t\t\t<div class=\"elementor-element elementor-element-899c45d elementor-widget elementor-widget-image\" data-id=\"899c45d\" data-element_type=\"widget\" data-e-type=\"widget\" data-widget_type=\"image.default\">\n\t\t\t\t<div class=\"elementor-widget-container\">\n\t\t\t\t\t\t\t\t\t\t\t\t\t\t\t\t<a href=\"https:\/\/open.spotify.com\/show\/5507Fyq2liiIbPbKqJBZ0f\">\n\t\t\t\t\t\t\t<img decoding=\"async\" width=\"1024\" height=\"1024\" src=\"https:\/\/klejman2.com\/wp-content\/uploads\/2024\/10\/PODCAST--1024x1024.jpg\" class=\"attachment-large size-large wp-image-20231\" alt=\"Podcast Klejman\" srcset=\"https:\/\/klejman2.com\/wp-content\/uploads\/2024\/10\/PODCAST--1024x1024.jpg 1024w, https:\/\/klejman2.com\/wp-content\/uploads\/2024\/10\/PODCAST--300x300.jpg 300w, https:\/\/klejman2.com\/wp-content\/uploads\/2024\/10\/PODCAST--150x150.jpg 150w, https:\/\/klejman2.com\/wp-content\/uploads\/2024\/10\/PODCAST--768x768.jpg 768w, https:\/\/klejman2.com\/wp-content\/uploads\/2024\/10\/PODCAST--1536x1536.jpg 1536w, https:\/\/klejman2.com\/wp-content\/uploads\/2024\/10\/PODCAST--2048x2048.jpg 2048w, https:\/\/klejman2.com\/wp-content\/uploads\/2024\/10\/PODCAST--990x990.jpg 990w, https:\/\/klejman2.com\/wp-content\/uploads\/2024\/10\/PODCAST--441x441.jpg 441w, https:\/\/klejman2.com\/wp-content\/uploads\/2024\/10\/PODCAST--100x100.jpg 100w, https:\/\/klejman2.com\/wp-content\/uploads\/2024\/10\/PODCAST--800x800.jpg 800w\" sizes=\"(max-width: 360px) 147px, (max-width: 1024px) 100vw, 1024px\" \/>\t\t\t\t\t\t\t\t<\/a>\n\t\t\t\t\t\t\t\t\t\t\t\t\t\t\t<\/div>\n\t\t\t\t<\/div>\n\t\t\t\t<div class=\"elementor-element elementor-element-0df1be4 elementor-widget elementor-widget-heading\" data-id=\"0df1be4\" data-element_type=\"widget\" data-e-type=\"widget\" data-widget_type=\"heading.default\">\n\t\t\t\t<div class=\"elementor-widget-container\">\n\t\t\t\t\t<h2 class=\"elementor-heading-title elementor-size-default\"><a href=\"https:\/\/open.spotify.com\/show\/5507Fyq2liiIbPbKqJBZ0f\">PODCASTS<\/a><\/h2>\t\t\t\t<\/div>\n\t\t\t\t<\/div>\n\t\t\t\t<div class=\"elementor-element elementor-element-3fd5ba9 elementor-widget elementor-widget-heading\" data-id=\"3fd5ba9\" data-element_type=\"widget\" data-e-type=\"widget\" data-widget_type=\"heading.default\">\n\t\t\t\t<div class=\"elementor-widget-container\">\n\t\t\t\t\t<h5 class=\"elementor-heading-title elementor-size-default\"><a href=\"https:\/\/open.spotify.com\/show\/5507Fyq2liiIbPbKqJBZ0f\">Nous sommes des nutritionnistes et des fermentistes, et nous vous emmenons sur notre chemin personnel vers la sant\u00e9. Autrefois, nous \u00e9tions malades et \u00e9puis\u00e9es, mais aujourd'hui, nous sommes plus \u00e9nergiques et plus puissantes que jamais.\nQuel est notre secret ? Nous avons d\u00e9couvert le pouvoir de la nutrition et de la fermentation.\nDans ce podcast, nous partageons nos id\u00e9es et nos d\u00e9couvertes. En tant qu'experts par exp\u00e9rience, nous savons exactement comment la nourriture, mais aussi les pens\u00e9es, affectent le cerveau dans votre t\u00eate ainsi que dans vos intestins.<\/a><\/h5>\t\t\t\t<\/div>\n\t\t\t\t<\/div>\n\t\t\t\t<div class=\"elementor-element elementor-element-2661daf elementor-align-center elementor-widget elementor-widget-button\" data-id=\"2661daf\" data-element_type=\"widget\" data-e-type=\"widget\" data-widget_type=\"button.default\">\n\t\t\t\t<div class=\"elementor-widget-container\">\n\t\t\t\t\t\t\t\t\t<div class=\"elementor-button-wrapper\">\n\t\t\t\t\t<a class=\"elementor-button elementor-button-link elementor-size-sm\" href=\"https:\/\/open.spotify.com\/show\/5507Fyq2liiIbPbKqJBZ0f\">\n\t\t\t\t\t\t<span class=\"elementor-button-content-wrapper\">\n\t\t\t\t\t\t\t\t\t<span class=\"elementor-button-text\">Pour en savoir plus, cliquez ici<\/span>\n\t\t\t\t\t<\/span>\n\t\t\t\t\t<\/a>\n\t\t\t\t<\/div>\n\t\t\t\t\t\t\t\t<\/div>\n\t\t\t\t<\/div>\n\t\t\t\t\t<\/div>\n\t\t<\/div>\n\t\t\t\t\t<\/div>\n\t\t<\/section>\n\t\t\t\t<\/div>","protected":false},"excerpt":{"rendered":"<p>Beleef &#038; leer Welkom bij Beleef &#038; Leer, jouw kennisplek voor alles wat te maken heeft met fermentatie, darmgezondheid en algemeen welzijn, zowel fysiek als mentaal. Hier bundelen we onze expertise als gezondheidscoaches en di\u00ebtisten om je te inspireren en te begeleiden naar een gezonder leven. Met Beleef &#038; Leer krijg je toegang tot praktische [&hellip;]<\/p>\n","protected":false},"author":10,"featured_media":0,"parent":0,"menu_order":0,"comment_status":"closed","ping_status":"closed","template":"template-fullwidth-no-heading.php","meta":{"_acf_changed":false,"footnotes":""},"class_list":["post-1004","page","type-page","status-publish","hentry"],"acf":[],"_links":{"self":[{"href":"https:\/\/klejman2.com\/fr\/wp-json\/wp\/v2\/pages\/1004","targetHints":{"allow":["GET"]}}],"collection":[{"href":"https:\/\/klejman2.com\/fr\/wp-json\/wp\/v2\/pages"}],"about":[{"href":"https:\/\/klejman2.com\/fr\/wp-json\/wp\/v2\/types\/page"}],"author":[{"embeddable":true,"href":"https:\/\/klejman2.com\/fr\/wp-json\/wp\/v2\/users\/10"}],"replies":[{"embeddable":true,"href":"https:\/\/klejman2.com\/fr\/wp-json\/wp\/v2\/comments?post=1004"}],"version-history":[{"count":36,"href":"https:\/\/klejman2.com\/fr\/wp-json\/wp\/v2\/pages\/1004\/revisions"}],"predecessor-version":[{"id":24016,"href":"https:\/\/klejman2.com\/fr\/wp-json\/wp\/v2\/pages\/1004\/revisions\/24016"}],"wp:attachment":[{"href":"https:\/\/klejman2.com\/fr\/wp-json\/wp\/v2\/media?parent=1004"}],"curies":[{"name":"wp","href":"https:\/\/api.w.org\/{rel}","templated":true}]}}